{"id":7058,"date":"2024-05-06T15:21:09","date_gmt":"2024-05-06T19:21:09","guid":{"rendered":"https:\/\/www.cscharlevoix.qc.ca\/felix-antoine-savard\/?page_id=7058"},"modified":"2024-05-07T10:35:46","modified_gmt":"2024-05-07T14:35:46","slug":"ecole-marie-victorin","status":"publish","type":"page","link":"https:\/\/www.cscharlevoix.qc.ca\/felix-antoine-savard\/a-propos\/nos-ecoles\/ecole-marie-victorin\/","title":{"rendered":"\u00c9cole Marie-Victorin"},"content":{"rendered":"<table>\n<tbody>\n<tr>\n<td>\n<h4><strong>Adresse<\/strong><\/h4>\n<p>398, rue Bergeron, C.P. 8<br \/>\nSaint-Sim\u00e9on (Qu\u00e9bec)\u00a0 G0T 1X0<br \/>\nT\u00e9l\u00e9phone : 418 620-5006<br \/>\nT\u00e9l\u00e9copieur : 418 620-5008<br \/>\n<a href=\"https:\/\/www.google.com\/maps\/place\/%C3%89cole+Marie-Victorin\/@47.8414391,-69.885675,17z\/data=!3m1!4b1!4m5!3m4!1s0x4cbe4b49ed1c08e1:0xac9656fc036dc278!8m2!3d47.8414391!4d-69.8834863?ucbcb=1\" target=\"_blank\" rel=\"noopener noreferrer\">Voir la carte Google<\/a><\/p>\n<h4><strong>Niveaux enseign\u00e9s (primaire)<\/strong><\/h4>\n<p>Pr\u00e9scolaire, 1er, 2e et 3e cycles<\/p>\n<h4><strong>Service de garde<\/strong><\/h4>\n<p>Les petites Mouettes<br \/>\n398, rue Bergeron, C.P. 8<br \/>\nSaint-Sim\u00e9on (Qu\u00e9bec) G0T 1X0<br \/>\nT\u00e9l\u00e9phone : 418 620-5007<\/p>\n<p>Nathalie Dufour, responsable<br \/>\n<a href=\"mailto:nathalie.dufour@csscharlevoix.gouv.qc.ca\" target=\"_blank\" rel=\"noopener\">nathalie.dufour@csscharlevoix.gouv.qc.ca<\/a><\/p>\n<p>&nbsp;<\/p>\n<p>&nbsp;<\/p>\n<p>&nbsp;<\/td>\n<td>\n<h4><strong>Direction et secr\u00e9tariat<\/strong><\/h4>\n<p>Jean-Fran\u00e7ois Giroux, directeur<br \/>\n<a href=\"mailto:jean-francois.giroux@csscharlevoix.gouv.qc.ca\" target=\"_blank\" rel=\"noopener\">jean-francois.giroux@csscharlevoix.gouv.qc.ca<\/a><\/p>\n<p>Christine Bouchard, directrice adjointe<br \/>\n<a href=\"mailto:christine.bouchard@csscharlevoix.gouv.qc.ca\" target=\"_blank\" rel=\"noopener\">christine.bouchard@csscharlevoix.gouv.qc.ca<\/a><\/p>\n<p>Patrick B\u00e9chard, directeur adjoint<br \/>\n<a href=\"mailto:patrick.bechard@csscharlevoix.gouv.qc.ca\" target=\"_blank\" rel=\"noopener\">patrick.bechard@csscharlevoix.gouv.qc.ca<\/a><\/p>\n<p>Julie Savard, directrice adjointe<br \/>\n<a href=\"mailto:julie.savard@csscharlevoix.gouv.qc.ca\" target=\"_blank\" rel=\"noopener\">julie.savard@csscharlevoix.gouv.qc.ca<\/a><\/p>\n<p>Marilyn Morneau, secr\u00e9taire<br \/>\n<a href=\"mailto:marilyn.morneau@csscharlevoix.gouv.qc.ca\" target=\"_blank\" rel=\"noopener\">marilyn.morneau@csscharlevoix.gouv.qc.ca<\/a><\/td>\n<\/tr>\n<\/tbody>\n<\/table>\n<p>\u25cb Nos classes<br \/>\n\u00a7 Pr\u00e9scolaire<br \/>\n\u00a7 Premier cycle<br \/>\n\u00a7 Deuxi\u00e8me cycle<br \/>\n\u00a7 Troisi\u00e8me cycle<br \/>\nNotre \u00e9quipe<\/p>\n","protected":false},"excerpt":{"rendered":"<p>Adresse 398, rue Bergeron, C.P. 8 Saint-Sim\u00e9on (Qu\u00e9bec)\u00a0 G0T 1X0 T\u00e9l\u00e9phone : 418 620-5006 T\u00e9l\u00e9copieur : 418 620-5008 Voir la carte Google Niveaux enseign\u00e9s (primaire) Pr\u00e9scolaire, 1er, 2e et 3e cycles Service de garde Les petites Mouettes 398, rue Bergeron, C.P. 8 Saint-Sim\u00e9on (Qu\u00e9bec) G0T 1X0 T\u00e9l\u00e9phone : 418 620-5007 &hellip; <\/p>\n","protected":false},"author":1,"featured_media":0,"parent":7052,"menu_order":0,"comment_status":"closed","ping_status":"closed","template":"","meta":{"footnotes":""},"categories":[],"tags":[],"class_list":["post-7058","page","type-page","status-publish","hentry","wp-image-borders"],"yoast_head":"<!-- This site is optimized with the Yoast SEO plugin v27.4 - https:\/\/yoast.com\/product\/yoast-seo-wordpress\/ -->\n<title>\u00c9cole Marie-Victorin - Centre de services scolaire de Charlevoix (CSSDC) - \u00c9cole primaire des Eaux-Vives<\/title>\n<meta name=\"robots\" content=\"index, follow, max-snippet:-1, max-image-preview:large, max-video-preview:-1\" \/>\n<link rel=\"canonical\" href=\"https:\/\/www.cscharlevoix.qc.ca\/felix-antoine-savard\/a-propos\/nos-ecoles\/ecole-marie-victorin\/\" \/>\n<meta property=\"og:locale\" content=\"fr_FR\" \/>\n<meta property=\"og:type\" content=\"article\" \/>\n<meta property=\"og:title\" content=\"\u00c9cole Marie-Victorin - Centre de services scolaire de Charlevoix (CSSDC) - \u00c9cole primaire des Eaux-Vives\" \/>\n<meta property=\"og:description\" content=\"Adresse 398, rue Bergeron, C.P. 8 Saint-Sim\u00e9on (Qu\u00e9bec)\u00a0 G0T 1X0 T\u00e9l\u00e9phone : 418 620-5006 T\u00e9l\u00e9copieur : 418 620-5008 Voir la carte Google Niveaux enseign\u00e9s (primaire) Pr\u00e9scolaire, 1er, 2e et 3e cycles Service de garde Les petites Mouettes 398, rue Bergeron, C.P. 8 Saint-Sim\u00e9on (Qu\u00e9bec) G0T 1X0 T\u00e9l\u00e9phone : 418 620-5007 &hellip;\" \/>\n<meta property=\"og:url\" content=\"https:\/\/www.cscharlevoix.qc.ca\/felix-antoine-savard\/a-propos\/nos-ecoles\/ecole-marie-victorin\/\" \/>\n<meta property=\"og:site_name\" content=\"Centre de services scolaire de Charlevoix (CSSDC) - \u00c9cole primaire des Eaux-Vives\" \/>\n<meta property=\"article:publisher\" content=\"https:\/\/facebook.com\/csscharlevoix\/\" \/>\n<meta property=\"article:modified_time\" content=\"2024-05-07T14:35:46+00:00\" \/>\n<meta name=\"twitter:card\" content=\"summary_large_image\" \/>\n<meta name=\"twitter:site\" content=\"@csscharlevoix\" \/>\n<meta name=\"twitter:label1\" content=\"Dur\u00e9e de lecture estim\u00e9e\" \/>\n\t<meta name=\"twitter:data1\" content=\"1 minute\" \/>\n<script type=\"application\/ld+json\" class=\"yoast-schema-graph\">{\"@context\":\"https:\\\/\\\/schema.org\",\"@graph\":[{\"@type\":\"WebPage\",\"@id\":\"https:\\\/\\\/www.cscharlevoix.qc.ca\\\/felix-antoine-savard\\\/a-propos\\\/nos-ecoles\\\/ecole-marie-victorin\\\/\",\"url\":\"https:\\\/\\\/www.cscharlevoix.qc.ca\\\/felix-antoine-savard\\\/a-propos\\\/nos-ecoles\\\/ecole-marie-victorin\\\/\",\"name\":\"\u00c9cole Marie-Victorin - Centre de services scolaire de Charlevoix (CSSDC) - \u00c9cole primaire des Eaux-Vives\",\"isPartOf\":{\"@id\":\"https:\\\/\\\/www.cscharlevoix.qc.ca\\\/felix-antoine-savard\\\/#website\"},\"datePublished\":\"2024-05-06T19:21:09+00:00\",\"dateModified\":\"2024-05-07T14:35:46+00:00\",\"breadcrumb\":{\"@id\":\"https:\\\/\\\/www.cscharlevoix.qc.ca\\\/felix-antoine-savard\\\/a-propos\\\/nos-ecoles\\\/ecole-marie-victorin\\\/#breadcrumb\"},\"inLanguage\":\"fr-FR\",\"potentialAction\":[{\"@type\":\"ReadAction\",\"target\":[\"https:\\\/\\\/www.cscharlevoix.qc.ca\\\/felix-antoine-savard\\\/a-propos\\\/nos-ecoles\\\/ecole-marie-victorin\\\/\"]}]},{\"@type\":\"BreadcrumbList\",\"@id\":\"https:\\\/\\\/www.cscharlevoix.qc.ca\\\/felix-antoine-savard\\\/a-propos\\\/nos-ecoles\\\/ecole-marie-victorin\\\/#breadcrumb\",\"itemListElement\":[{\"@type\":\"ListItem\",\"position\":1,\"name\":\"Accueil\",\"item\":\"https:\\\/\\\/www.cscharlevoix.qc.ca\\\/felix-antoine-savard\\\/\"},{\"@type\":\"ListItem\",\"position\":2,\"name\":\"\u00c0 propos\",\"item\":\"https:\\\/\\\/www.cscharlevoix.qc.ca\\\/felix-antoine-savard\\\/a-propos\\\/\"},{\"@type\":\"ListItem\",\"position\":3,\"name\":\"Nos \u00e9coles\",\"item\":\"https:\\\/\\\/www.cscharlevoix.qc.ca\\\/felix-antoine-savard\\\/a-propos\\\/nos-ecoles\\\/\"},{\"@type\":\"ListItem\",\"position\":4,\"name\":\"\u00c9cole Marie-Victorin\"}]},{\"@type\":\"WebSite\",\"@id\":\"https:\\\/\\\/www.cscharlevoix.qc.ca\\\/felix-antoine-savard\\\/#website\",\"url\":\"https:\\\/\\\/www.cscharlevoix.qc.ca\\\/felix-antoine-savard\\\/\",\"name\":\"Centre de services scolaire de Charlevoix (CSSDC) - \u00c9cole primaire des Eaux-Vives\",\"description\":\"Desservant le territoire de Charlevoix, le Centre de services scolaire de Charlevoix (CSSDC) compte 14 \u00e9coles primaires, 3 \u00e9coles secondaires et un Centre d\u2019\u00e9ducation des adultes et de formation professionnelle. Chaque ann\u00e9e, ses quelque 630 employ\u00e9s \u0153uvrent \u00e0 instruire, socialiser et qualifier plus de 3500 personnes. Celles-ci \u00e9tudient dans des environnements inclusifs favorisant l\u2019autonomie en apprentissage, la r\u00e9ussite scolaire, le d\u00e9veloppement du plein potentiel de chacun et l\u2019acquisition des comp\u00e9tences n\u00e9cessaires au XXIe si\u00e8cle.\",\"publisher\":{\"@id\":\"https:\\\/\\\/www.cscharlevoix.qc.ca\\\/felix-antoine-savard\\\/#organization\"},\"potentialAction\":[{\"@type\":\"SearchAction\",\"target\":{\"@type\":\"EntryPoint\",\"urlTemplate\":\"https:\\\/\\\/www.cscharlevoix.qc.ca\\\/felix-antoine-savard\\\/?s={search_term_string}\"},\"query-input\":{\"@type\":\"PropertyValueSpecification\",\"valueRequired\":true,\"valueName\":\"search_term_string\"}}],\"inLanguage\":\"fr-FR\"},{\"@type\":\"Organization\",\"@id\":\"https:\\\/\\\/www.cscharlevoix.qc.ca\\\/felix-antoine-savard\\\/#organization\",\"name\":\"Centre de services scolaire de Charlevoix\",\"url\":\"https:\\\/\\\/www.cscharlevoix.qc.ca\\\/felix-antoine-savard\\\/\",\"logo\":{\"@type\":\"ImageObject\",\"inLanguage\":\"fr-FR\",\"@id\":\"https:\\\/\\\/www.cscharlevoix.qc.ca\\\/felix-antoine-savard\\\/#\\\/schema\\\/logo\\\/image\\\/\",\"url\":\"https:\\\/\\\/www.cscharlevoix.qc.ca\\\/felix-antoine-savard\\\/wp-content\\\/uploads\\\/2021\\\/05\\\/CSSCharlevoix.png\",\"contentUrl\":\"https:\\\/\\\/www.cscharlevoix.qc.ca\\\/felix-antoine-savard\\\/wp-content\\\/uploads\\\/2021\\\/05\\\/CSSCharlevoix.png\",\"width\":300,\"height\":129,\"caption\":\"Centre de services scolaire de Charlevoix\"},\"image\":{\"@id\":\"https:\\\/\\\/www.cscharlevoix.qc.ca\\\/felix-antoine-savard\\\/#\\\/schema\\\/logo\\\/image\\\/\"},\"sameAs\":[\"https:\\\/\\\/facebook.com\\\/csscharlevoix\\\/\",\"https:\\\/\\\/x.com\\\/csscharlevoix\"]}]}<\/script>\n<!-- \/ Yoast SEO plugin. -->","yoast_head_json":{"title":"\u00c9cole Marie-Victorin - Centre de services scolaire de Charlevoix (CSSDC) - \u00c9cole primaire des Eaux-Vives","robots":{"index":"index","follow":"follow","max-snippet":"max-snippet:-1","max-image-preview":"max-image-preview:large","max-video-preview":"max-video-preview:-1"},"canonical":"https:\/\/www.cscharlevoix.qc.ca\/felix-antoine-savard\/a-propos\/nos-ecoles\/ecole-marie-victorin\/","og_locale":"fr_FR","og_type":"article","og_title":"\u00c9cole Marie-Victorin - Centre de services scolaire de Charlevoix (CSSDC) - \u00c9cole primaire des Eaux-Vives","og_description":"Adresse 398, rue Bergeron, C.P. 8 Saint-Sim\u00e9on (Qu\u00e9bec)\u00a0 G0T 1X0 T\u00e9l\u00e9phone : 418 620-5006 T\u00e9l\u00e9copieur : 418 620-5008 Voir la carte Google Niveaux enseign\u00e9s (primaire) Pr\u00e9scolaire, 1er, 2e et 3e cycles Service de garde Les petites Mouettes 398, rue Bergeron, C.P. 8 Saint-Sim\u00e9on (Qu\u00e9bec) G0T 1X0 T\u00e9l\u00e9phone : 418 620-5007 &hellip;","og_url":"https:\/\/www.cscharlevoix.qc.ca\/felix-antoine-savard\/a-propos\/nos-ecoles\/ecole-marie-victorin\/","og_site_name":"Centre de services scolaire de Charlevoix (CSSDC) - \u00c9cole primaire des Eaux-Vives","article_publisher":"https:\/\/facebook.com\/csscharlevoix\/","article_modified_time":"2024-05-07T14:35:46+00:00","twitter_card":"summary_large_image","twitter_site":"@csscharlevoix","twitter_misc":{"Dur\u00e9e de lecture estim\u00e9e":"1 minute"},"schema":{"@context":"https:\/\/schema.org","@graph":[{"@type":"WebPage","@id":"https:\/\/www.cscharlevoix.qc.ca\/felix-antoine-savard\/a-propos\/nos-ecoles\/ecole-marie-victorin\/","url":"https:\/\/www.cscharlevoix.qc.ca\/felix-antoine-savard\/a-propos\/nos-ecoles\/ecole-marie-victorin\/","name":"\u00c9cole Marie-Victorin - Centre de services scolaire de Charlevoix (CSSDC) - \u00c9cole primaire des Eaux-Vives","isPartOf":{"@id":"https:\/\/www.cscharlevoix.qc.ca\/felix-antoine-savard\/#website"},"datePublished":"2024-05-06T19:21:09+00:00","dateModified":"2024-05-07T14:35:46+00:00","breadcrumb":{"@id":"https:\/\/www.cscharlevoix.qc.ca\/felix-antoine-savard\/a-propos\/nos-ecoles\/ecole-marie-victorin\/#breadcrumb"},"inLanguage":"fr-FR","potentialAction":[{"@type":"ReadAction","target":["https:\/\/www.cscharlevoix.qc.ca\/felix-antoine-savard\/a-propos\/nos-ecoles\/ecole-marie-victorin\/"]}]},{"@type":"BreadcrumbList","@id":"https:\/\/www.cscharlevoix.qc.ca\/felix-antoine-savard\/a-propos\/nos-ecoles\/ecole-marie-victorin\/#breadcrumb","itemListElement":[{"@type":"ListItem","position":1,"name":"Accueil","item":"https:\/\/www.cscharlevoix.qc.ca\/felix-antoine-savard\/"},{"@type":"ListItem","position":2,"name":"\u00c0 propos","item":"https:\/\/www.cscharlevoix.qc.ca\/felix-antoine-savard\/a-propos\/"},{"@type":"ListItem","position":3,"name":"Nos \u00e9coles","item":"https:\/\/www.cscharlevoix.qc.ca\/felix-antoine-savard\/a-propos\/nos-ecoles\/"},{"@type":"ListItem","position":4,"name":"\u00c9cole Marie-Victorin"}]},{"@type":"WebSite","@id":"https:\/\/www.cscharlevoix.qc.ca\/felix-antoine-savard\/#website","url":"https:\/\/www.cscharlevoix.qc.ca\/felix-antoine-savard\/","name":"Centre de services scolaire de Charlevoix (CSSDC) - \u00c9cole primaire des Eaux-Vives","description":"Desservant le territoire de Charlevoix, le Centre de services scolaire de Charlevoix (CSSDC) compte 14 \u00e9coles primaires, 3 \u00e9coles secondaires et un Centre d\u2019\u00e9ducation des adultes et de formation professionnelle. Chaque ann\u00e9e, ses quelque 630 employ\u00e9s \u0153uvrent \u00e0 instruire, socialiser et qualifier plus de 3500 personnes. Celles-ci \u00e9tudient dans des environnements inclusifs favorisant l\u2019autonomie en apprentissage, la r\u00e9ussite scolaire, le d\u00e9veloppement du plein potentiel de chacun et l\u2019acquisition des comp\u00e9tences n\u00e9cessaires au XXIe si\u00e8cle.","publisher":{"@id":"https:\/\/www.cscharlevoix.qc.ca\/felix-antoine-savard\/#organization"},"potentialAction":[{"@type":"SearchAction","target":{"@type":"EntryPoint","urlTemplate":"https:\/\/www.cscharlevoix.qc.ca\/felix-antoine-savard\/?s={search_term_string}"},"query-input":{"@type":"PropertyValueSpecification","valueRequired":true,"valueName":"search_term_string"}}],"inLanguage":"fr-FR"},{"@type":"Organization","@id":"https:\/\/www.cscharlevoix.qc.ca\/felix-antoine-savard\/#organization","name":"Centre de services scolaire de Charlevoix","url":"https:\/\/www.cscharlevoix.qc.ca\/felix-antoine-savard\/","logo":{"@type":"ImageObject","inLanguage":"fr-FR","@id":"https:\/\/www.cscharlevoix.qc.ca\/felix-antoine-savard\/#\/schema\/logo\/image\/","url":"https:\/\/www.cscharlevoix.qc.ca\/felix-antoine-savard\/wp-content\/uploads\/2021\/05\/CSSCharlevoix.png","contentUrl":"https:\/\/www.cscharlevoix.qc.ca\/felix-antoine-savard\/wp-content\/uploads\/2021\/05\/CSSCharlevoix.png","width":300,"height":129,"caption":"Centre de services scolaire de Charlevoix"},"image":{"@id":"https:\/\/www.cscharlevoix.qc.ca\/felix-antoine-savard\/#\/schema\/logo\/image\/"},"sameAs":["https:\/\/facebook.com\/csscharlevoix\/","https:\/\/x.com\/csscharlevoix"]}]}},"_links":{"self":[{"href":"https:\/\/www.cscharlevoix.qc.ca\/felix-antoine-savard\/wp-json\/wp\/v2\/pages\/7058","targetHints":{"allow":["GET"]}}],"collection":[{"href":"https:\/\/www.cscharlevoix.qc.ca\/felix-antoine-savard\/wp-json\/wp\/v2\/pages"}],"about":[{"href":"https:\/\/www.cscharlevoix.qc.ca\/felix-antoine-savard\/wp-json\/wp\/v2\/types\/page"}],"author":[{"embeddable":true,"href":"https:\/\/www.cscharlevoix.qc.ca\/felix-antoine-savard\/wp-json\/wp\/v2\/users\/1"}],"replies":[{"embeddable":true,"href":"https:\/\/www.cscharlevoix.qc.ca\/felix-antoine-savard\/wp-json\/wp\/v2\/comments?post=7058"}],"version-history":[{"count":3,"href":"https:\/\/www.cscharlevoix.qc.ca\/felix-antoine-savard\/wp-json\/wp\/v2\/pages\/7058\/revisions"}],"predecessor-version":[{"id":7104,"href":"https:\/\/www.cscharlevoix.qc.ca\/felix-antoine-savard\/wp-json\/wp\/v2\/pages\/7058\/revisions\/7104"}],"up":[{"embeddable":true,"href":"https:\/\/www.cscharlevoix.qc.ca\/felix-antoine-savard\/wp-json\/wp\/v2\/pages\/7052"}],"wp:attachment":[{"href":"https:\/\/www.cscharlevoix.qc.ca\/felix-antoine-savard\/wp-json\/wp\/v2\/media?parent=7058"}],"wp:term":[{"taxonomy":"category","embeddable":true,"href":"https:\/\/www.cscharlevoix.qc.ca\/felix-antoine-savard\/wp-json\/wp\/v2\/categories?post=7058"},{"taxonomy":"post_tag","embeddable":true,"href":"https:\/\/www.cscharlevoix.qc.ca\/felix-antoine-savard\/wp-json\/wp\/v2\/tags?post=7058"}],"curies":[{"name":"wp","href":"https:\/\/api.w.org\/{rel}","templated":true}]}}