{"id":7056,"date":"2024-05-06T15:20:43","date_gmt":"2024-05-06T19:20:43","guid":{"rendered":"https:\/\/www.cscharlevoix.qc.ca\/felix-antoine-savard\/?page_id=7056"},"modified":"2024-05-07T10:34:57","modified_gmt":"2024-05-07T14:34:57","slug":"ecole-des-eaux-vives","status":"publish","type":"page","link":"https:\/\/www.cscharlevoix.qc.ca\/felix-antoine-savard\/a-propos\/nos-ecoles\/ecole-des-eaux-vives\/","title":{"rendered":"\u00c9cole des Eaux-Vives"},"content":{"rendered":"<table>\n<tbody>\n<tr>\n<td>\n<h4 id=\"PageTitle\"><strong>Adresse<\/strong><\/h4>\n<p class=\"bodytext\">40, rue Patrick-Morgan<br \/>\nLa Malbaie (Qu\u00e9bec)\u00a0G5A 1T1<br \/>\nT\u00e9l\u00e9phone : 418 665-6494<br \/>\nT\u00e9l\u00e9copieur : 418 665-6495<br \/>\n<a href=\"https:\/\/www.google.com\/maps\/place\/%C3%89cole+des+Eaux-Vives\/@47.6556426,-70.1540898,18z\/data=!4m14!1m7!3m6!1s0x4cbfa987ce561e8d:0xdf4a639de4c2cfb0!2s%C3%89cole+Marguerite+d'Youville!8m2!3d47.6560495!4d-70.1508835!16s%2Fg%2F1tffnz0j!3m5!1s0x4cbfa98647055797:0x4d0c4981a05e97bd!8m2!3d47.6558187!4d-70.1529663!16s%2Fg%2F1tgjkx6d?entry=ttu\" target=\"_blank\" rel=\"noopener noreferrer\">Voir la carte Google<\/a><\/p>\n<h4><strong>Niveaux enseign\u00e9s (primaire)<\/strong><\/h4>\n<p class=\"bodytext\">Pr\u00e9scolaire, 1er, 2e et 3e cycles<\/p>\n<h4><strong>Service de garde<\/strong><\/h4>\n<p class=\"bodytext\">Les Eaux-Vives<br \/>\n40, rue Patrick-Morgan<br \/>\nLa Malbaie (Qu\u00e9bec)\u00a0G5A 1T1<br \/>\nT\u00e9l\u00e9phone : 418 665-2680<br \/>\nM\u00e9lodie Champagne-Desbiens, responsable<br \/>\n<a href=\"mailto:melodie.champagne-desbiens@csscharlevoix.gouv.qc.ca\" target=\"_blank\" rel=\"noopener\">melodie.champagne-desbiens@csscharlevoix.gouv.qc.ca<\/a><\/p>\n<\/td>\n<td>\n<h4><strong>Direction et secr\u00e9tariat<\/strong><\/h4>\n<p class=\"bodytext\">Jean-Fran\u00e7ois Giroux, directeur<br \/>\n<a href=\"mailto:jean-francois.giroux@csscharlevoix.gouv.qc.ca\" target=\"_blank\" rel=\"noopener\">jean-francois.giroux@csscharlevoix.gouv.qc.ca<\/a><\/p>\n<p class=\"bodytext\">Christine Bouchard, directrice adjointe<br \/>\n<a href=\"mailto:christine.bouchard@csscharlevoix.gouv.qc.ca\" target=\"_blank\" rel=\"noopener\">christine.bouchard@csscharlevoix.gouv.qc.ca<\/a><\/p>\n<p>Patrick B\u00e9chard, directeur adjoint<br \/>\n<a href=\"mailto:patrick.bechard@csscharlevoix.gouv.qc.ca\" target=\"_blank\" rel=\"noopener\">patrick.bechard@csscharlevoix.gouv.qc.ca\u00a0<\/a><\/p>\n<p>Julie Savard, directrice adjointe<br \/>\n<a href=\"mailto:julie.savard@csscharlevoix.gouv.qc.ca\" target=\"_blank\" rel=\"noopener\">julie.savard@csscharlevoix.gouv.qc.ca<\/a><\/p>\n<p>V\u00e9ronique Desrochers , secr\u00e9taire<br \/>\n<a href=\"mailto:veronique.desrochers@csscharlevoix.gouv.qc.ca\" target=\"_blank\" rel=\"noopener\">veronique.desrochers@csscharlevoix.gouv.qc.ca<\/a><\/p>\n<p class=\"bodytext\">Catherine Thibeault, secr\u00e9taire<br \/>\n<a href=\"mailto:catherine.thibeault2@csscharlevoix.gouv.qc.ca\" target=\"_blank\" rel=\"noopener\">catherine.thibeault2@csscharlevoix.gouv.qc.ca<\/a><\/p>\n<\/td>\n<\/tr>\n<\/tbody>\n<\/table>\n<p>&nbsp;<\/p>\n<p>\u25cb Nos classes<br \/>\n\u00a7 Pr\u00e9scolaire<br \/>\n\u00a7 Premier cycle<br \/>\n\u00a7 Deuxi\u00e8me cycle<br \/>\n\u00a7 Troisi\u00e8me cycle<br \/>\nNotre \u00e9quipe<\/p>\n","protected":false},"excerpt":{"rendered":"<p>Adresse 40, rue Patrick-Morgan La Malbaie (Qu\u00e9bec)\u00a0G5A 1T1 T\u00e9l\u00e9phone : 418 665-6494 T\u00e9l\u00e9copieur : 418 665-6495 Voir la carte Google Niveaux enseign\u00e9s (primaire) Pr\u00e9scolaire, 1er, 2e et 3e cycles Service de garde Les Eaux-Vives 40, rue Patrick-Morgan La Malbaie (Qu\u00e9bec)\u00a0G5A 1T1 T\u00e9l\u00e9phone : 418 665-2680 M\u00e9lodie Champagne-Desbiens, responsable melodie.champagne-desbiens@csscharlevoix.gouv.qc.ca Direction &hellip; <\/p>\n","protected":false},"author":1,"featured_media":0,"parent":7052,"menu_order":0,"comment_status":"closed","ping_status":"closed","template":"","meta":{"footnotes":""},"categories":[],"tags":[],"class_list":["post-7056","page","type-page","status-publish","hentry","wp-image-borders"],"yoast_head":"<!-- This site is optimized with the Yoast SEO plugin v27.5 - https:\/\/yoast.com\/product\/yoast-seo-wordpress\/ -->\n<title>\u00c9cole des Eaux-Vives - Centre de services scolaire de Charlevoix (CSSDC) - \u00c9cole primaire des Eaux-Vives<\/title>\n<meta name=\"robots\" content=\"index, follow, max-snippet:-1, max-image-preview:large, max-video-preview:-1\" \/>\n<link rel=\"canonical\" href=\"https:\/\/www.cscharlevoix.qc.ca\/felix-antoine-savard\/a-propos\/nos-ecoles\/ecole-des-eaux-vives\/\" \/>\n<meta property=\"og:locale\" content=\"fr_FR\" \/>\n<meta property=\"og:type\" content=\"article\" \/>\n<meta property=\"og:title\" content=\"\u00c9cole des Eaux-Vives - Centre de services scolaire de Charlevoix (CSSDC) - \u00c9cole primaire des Eaux-Vives\" \/>\n<meta property=\"og:description\" content=\"Adresse 40, rue Patrick-Morgan La Malbaie (Qu\u00e9bec)\u00a0G5A 1T1 T\u00e9l\u00e9phone : 418 665-6494 T\u00e9l\u00e9copieur : 418 665-6495 Voir la carte Google Niveaux enseign\u00e9s (primaire) Pr\u00e9scolaire, 1er, 2e et 3e cycles Service de garde Les Eaux-Vives 40, rue Patrick-Morgan La Malbaie (Qu\u00e9bec)\u00a0G5A 1T1 T\u00e9l\u00e9phone : 418 665-2680 M\u00e9lodie Champagne-Desbiens, responsable melodie.champagne-desbiens@csscharlevoix.gouv.qc.ca Direction &hellip;\" \/>\n<meta property=\"og:url\" content=\"https:\/\/www.cscharlevoix.qc.ca\/felix-antoine-savard\/a-propos\/nos-ecoles\/ecole-des-eaux-vives\/\" \/>\n<meta property=\"og:site_name\" content=\"Centre de services scolaire de Charlevoix (CSSDC) - \u00c9cole primaire des Eaux-Vives\" \/>\n<meta property=\"article:publisher\" content=\"https:\/\/facebook.com\/csscharlevoix\/\" \/>\n<meta property=\"article:modified_time\" content=\"2024-05-07T14:34:57+00:00\" \/>\n<meta name=\"twitter:card\" content=\"summary_large_image\" \/>\n<meta name=\"twitter:site\" content=\"@csscharlevoix\" \/>\n<meta name=\"twitter:label1\" content=\"Dur\u00e9e de lecture estim\u00e9e\" \/>\n\t<meta name=\"twitter:data1\" content=\"1 minute\" \/>\n<script type=\"application\/ld+json\" class=\"yoast-schema-graph\">{\"@context\":\"https:\\\/\\\/schema.org\",\"@graph\":[{\"@type\":\"WebPage\",\"@id\":\"https:\\\/\\\/www.cscharlevoix.qc.ca\\\/felix-antoine-savard\\\/a-propos\\\/nos-ecoles\\\/ecole-des-eaux-vives\\\/\",\"url\":\"https:\\\/\\\/www.cscharlevoix.qc.ca\\\/felix-antoine-savard\\\/a-propos\\\/nos-ecoles\\\/ecole-des-eaux-vives\\\/\",\"name\":\"\u00c9cole des Eaux-Vives - Centre de services scolaire de Charlevoix (CSSDC) - \u00c9cole primaire des Eaux-Vives\",\"isPartOf\":{\"@id\":\"https:\\\/\\\/www.cscharlevoix.qc.ca\\\/felix-antoine-savard\\\/#website\"},\"datePublished\":\"2024-05-06T19:20:43+00:00\",\"dateModified\":\"2024-05-07T14:34:57+00:00\",\"breadcrumb\":{\"@id\":\"https:\\\/\\\/www.cscharlevoix.qc.ca\\\/felix-antoine-savard\\\/a-propos\\\/nos-ecoles\\\/ecole-des-eaux-vives\\\/#breadcrumb\"},\"inLanguage\":\"fr-FR\",\"potentialAction\":[{\"@type\":\"ReadAction\",\"target\":[\"https:\\\/\\\/www.cscharlevoix.qc.ca\\\/felix-antoine-savard\\\/a-propos\\\/nos-ecoles\\\/ecole-des-eaux-vives\\\/\"]}]},{\"@type\":\"BreadcrumbList\",\"@id\":\"https:\\\/\\\/www.cscharlevoix.qc.ca\\\/felix-antoine-savard\\\/a-propos\\\/nos-ecoles\\\/ecole-des-eaux-vives\\\/#breadcrumb\",\"itemListElement\":[{\"@type\":\"ListItem\",\"position\":1,\"name\":\"Accueil\",\"item\":\"https:\\\/\\\/www.cscharlevoix.qc.ca\\\/felix-antoine-savard\\\/\"},{\"@type\":\"ListItem\",\"position\":2,\"name\":\"\u00c0 propos\",\"item\":\"https:\\\/\\\/www.cscharlevoix.qc.ca\\\/felix-antoine-savard\\\/a-propos\\\/\"},{\"@type\":\"ListItem\",\"position\":3,\"name\":\"Nos \u00e9coles\",\"item\":\"https:\\\/\\\/www.cscharlevoix.qc.ca\\\/felix-antoine-savard\\\/a-propos\\\/nos-ecoles\\\/\"},{\"@type\":\"ListItem\",\"position\":4,\"name\":\"\u00c9cole des Eaux-Vives\"}]},{\"@type\":\"WebSite\",\"@id\":\"https:\\\/\\\/www.cscharlevoix.qc.ca\\\/felix-antoine-savard\\\/#website\",\"url\":\"https:\\\/\\\/www.cscharlevoix.qc.ca\\\/felix-antoine-savard\\\/\",\"name\":\"Centre de services scolaire de Charlevoix (CSSDC) - \u00c9cole primaire des Eaux-Vives\",\"description\":\"Desservant le territoire de Charlevoix, le Centre de services scolaire de Charlevoix (CSSDC) compte 14 \u00e9coles primaires, 3 \u00e9coles secondaires et un Centre d\u2019\u00e9ducation des adultes et de formation professionnelle. Chaque ann\u00e9e, ses quelque 630 employ\u00e9s \u0153uvrent \u00e0 instruire, socialiser et qualifier plus de 3500 personnes. Celles-ci \u00e9tudient dans des environnements inclusifs favorisant l\u2019autonomie en apprentissage, la r\u00e9ussite scolaire, le d\u00e9veloppement du plein potentiel de chacun et l\u2019acquisition des comp\u00e9tences n\u00e9cessaires au XXIe si\u00e8cle.\",\"publisher\":{\"@id\":\"https:\\\/\\\/www.cscharlevoix.qc.ca\\\/felix-antoine-savard\\\/#organization\"},\"potentialAction\":[{\"@type\":\"SearchAction\",\"target\":{\"@type\":\"EntryPoint\",\"urlTemplate\":\"https:\\\/\\\/www.cscharlevoix.qc.ca\\\/felix-antoine-savard\\\/?s={search_term_string}\"},\"query-input\":{\"@type\":\"PropertyValueSpecification\",\"valueRequired\":true,\"valueName\":\"search_term_string\"}}],\"inLanguage\":\"fr-FR\"},{\"@type\":\"Organization\",\"@id\":\"https:\\\/\\\/www.cscharlevoix.qc.ca\\\/felix-antoine-savard\\\/#organization\",\"name\":\"Centre de services scolaire de Charlevoix\",\"url\":\"https:\\\/\\\/www.cscharlevoix.qc.ca\\\/felix-antoine-savard\\\/\",\"logo\":{\"@type\":\"ImageObject\",\"inLanguage\":\"fr-FR\",\"@id\":\"https:\\\/\\\/www.cscharlevoix.qc.ca\\\/felix-antoine-savard\\\/#\\\/schema\\\/logo\\\/image\\\/\",\"url\":\"https:\\\/\\\/www.cscharlevoix.qc.ca\\\/felix-antoine-savard\\\/wp-content\\\/uploads\\\/2021\\\/05\\\/CSSCharlevoix.png\",\"contentUrl\":\"https:\\\/\\\/www.cscharlevoix.qc.ca\\\/felix-antoine-savard\\\/wp-content\\\/uploads\\\/2021\\\/05\\\/CSSCharlevoix.png\",\"width\":300,\"height\":129,\"caption\":\"Centre de services scolaire de Charlevoix\"},\"image\":{\"@id\":\"https:\\\/\\\/www.cscharlevoix.qc.ca\\\/felix-antoine-savard\\\/#\\\/schema\\\/logo\\\/image\\\/\"},\"sameAs\":[\"https:\\\/\\\/facebook.com\\\/csscharlevoix\\\/\",\"https:\\\/\\\/x.com\\\/csscharlevoix\"]}]}<\/script>\n<!-- \/ Yoast SEO plugin. -->","yoast_head_json":{"title":"\u00c9cole des Eaux-Vives - Centre de services scolaire de Charlevoix (CSSDC) - \u00c9cole primaire des Eaux-Vives","robots":{"index":"index","follow":"follow","max-snippet":"max-snippet:-1","max-image-preview":"max-image-preview:large","max-video-preview":"max-video-preview:-1"},"canonical":"https:\/\/www.cscharlevoix.qc.ca\/felix-antoine-savard\/a-propos\/nos-ecoles\/ecole-des-eaux-vives\/","og_locale":"fr_FR","og_type":"article","og_title":"\u00c9cole des Eaux-Vives - Centre de services scolaire de Charlevoix (CSSDC) - \u00c9cole primaire des Eaux-Vives","og_description":"Adresse 40, rue Patrick-Morgan La Malbaie (Qu\u00e9bec)\u00a0G5A 1T1 T\u00e9l\u00e9phone : 418 665-6494 T\u00e9l\u00e9copieur : 418 665-6495 Voir la carte Google Niveaux enseign\u00e9s (primaire) Pr\u00e9scolaire, 1er, 2e et 3e cycles Service de garde Les Eaux-Vives 40, rue Patrick-Morgan La Malbaie (Qu\u00e9bec)\u00a0G5A 1T1 T\u00e9l\u00e9phone : 418 665-2680 M\u00e9lodie Champagne-Desbiens, responsable melodie.champagne-desbiens@csscharlevoix.gouv.qc.ca Direction &hellip;","og_url":"https:\/\/www.cscharlevoix.qc.ca\/felix-antoine-savard\/a-propos\/nos-ecoles\/ecole-des-eaux-vives\/","og_site_name":"Centre de services scolaire de Charlevoix (CSSDC) - \u00c9cole primaire des Eaux-Vives","article_publisher":"https:\/\/facebook.com\/csscharlevoix\/","article_modified_time":"2024-05-07T14:34:57+00:00","twitter_card":"summary_large_image","twitter_site":"@csscharlevoix","twitter_misc":{"Dur\u00e9e de lecture estim\u00e9e":"1 minute"},"schema":{"@context":"https:\/\/schema.org","@graph":[{"@type":"WebPage","@id":"https:\/\/www.cscharlevoix.qc.ca\/felix-antoine-savard\/a-propos\/nos-ecoles\/ecole-des-eaux-vives\/","url":"https:\/\/www.cscharlevoix.qc.ca\/felix-antoine-savard\/a-propos\/nos-ecoles\/ecole-des-eaux-vives\/","name":"\u00c9cole des Eaux-Vives - Centre de services scolaire de Charlevoix (CSSDC) - \u00c9cole primaire des Eaux-Vives","isPartOf":{"@id":"https:\/\/www.cscharlevoix.qc.ca\/felix-antoine-savard\/#website"},"datePublished":"2024-05-06T19:20:43+00:00","dateModified":"2024-05-07T14:34:57+00:00","breadcrumb":{"@id":"https:\/\/www.cscharlevoix.qc.ca\/felix-antoine-savard\/a-propos\/nos-ecoles\/ecole-des-eaux-vives\/#breadcrumb"},"inLanguage":"fr-FR","potentialAction":[{"@type":"ReadAction","target":["https:\/\/www.cscharlevoix.qc.ca\/felix-antoine-savard\/a-propos\/nos-ecoles\/ecole-des-eaux-vives\/"]}]},{"@type":"BreadcrumbList","@id":"https:\/\/www.cscharlevoix.qc.ca\/felix-antoine-savard\/a-propos\/nos-ecoles\/ecole-des-eaux-vives\/#breadcrumb","itemListElement":[{"@type":"ListItem","position":1,"name":"Accueil","item":"https:\/\/www.cscharlevoix.qc.ca\/felix-antoine-savard\/"},{"@type":"ListItem","position":2,"name":"\u00c0 propos","item":"https:\/\/www.cscharlevoix.qc.ca\/felix-antoine-savard\/a-propos\/"},{"@type":"ListItem","position":3,"name":"Nos \u00e9coles","item":"https:\/\/www.cscharlevoix.qc.ca\/felix-antoine-savard\/a-propos\/nos-ecoles\/"},{"@type":"ListItem","position":4,"name":"\u00c9cole des Eaux-Vives"}]},{"@type":"WebSite","@id":"https:\/\/www.cscharlevoix.qc.ca\/felix-antoine-savard\/#website","url":"https:\/\/www.cscharlevoix.qc.ca\/felix-antoine-savard\/","name":"Centre de services scolaire de Charlevoix (CSSDC) - \u00c9cole primaire des Eaux-Vives","description":"Desservant le territoire de Charlevoix, le Centre de services scolaire de Charlevoix (CSSDC) compte 14 \u00e9coles primaires, 3 \u00e9coles secondaires et un Centre d\u2019\u00e9ducation des adultes et de formation professionnelle. Chaque ann\u00e9e, ses quelque 630 employ\u00e9s \u0153uvrent \u00e0 instruire, socialiser et qualifier plus de 3500 personnes. Celles-ci \u00e9tudient dans des environnements inclusifs favorisant l\u2019autonomie en apprentissage, la r\u00e9ussite scolaire, le d\u00e9veloppement du plein potentiel de chacun et l\u2019acquisition des comp\u00e9tences n\u00e9cessaires au XXIe si\u00e8cle.","publisher":{"@id":"https:\/\/www.cscharlevoix.qc.ca\/felix-antoine-savard\/#organization"},"potentialAction":[{"@type":"SearchAction","target":{"@type":"EntryPoint","urlTemplate":"https:\/\/www.cscharlevoix.qc.ca\/felix-antoine-savard\/?s={search_term_string}"},"query-input":{"@type":"PropertyValueSpecification","valueRequired":true,"valueName":"search_term_string"}}],"inLanguage":"fr-FR"},{"@type":"Organization","@id":"https:\/\/www.cscharlevoix.qc.ca\/felix-antoine-savard\/#organization","name":"Centre de services scolaire de Charlevoix","url":"https:\/\/www.cscharlevoix.qc.ca\/felix-antoine-savard\/","logo":{"@type":"ImageObject","inLanguage":"fr-FR","@id":"https:\/\/www.cscharlevoix.qc.ca\/felix-antoine-savard\/#\/schema\/logo\/image\/","url":"https:\/\/www.cscharlevoix.qc.ca\/felix-antoine-savard\/wp-content\/uploads\/2021\/05\/CSSCharlevoix.png","contentUrl":"https:\/\/www.cscharlevoix.qc.ca\/felix-antoine-savard\/wp-content\/uploads\/2021\/05\/CSSCharlevoix.png","width":300,"height":129,"caption":"Centre de services scolaire de Charlevoix"},"image":{"@id":"https:\/\/www.cscharlevoix.qc.ca\/felix-antoine-savard\/#\/schema\/logo\/image\/"},"sameAs":["https:\/\/facebook.com\/csscharlevoix\/","https:\/\/x.com\/csscharlevoix"]}]}},"_links":{"self":[{"href":"https:\/\/www.cscharlevoix.qc.ca\/felix-antoine-savard\/wp-json\/wp\/v2\/pages\/7056","targetHints":{"allow":["GET"]}}],"collection":[{"href":"https:\/\/www.cscharlevoix.qc.ca\/felix-antoine-savard\/wp-json\/wp\/v2\/pages"}],"about":[{"href":"https:\/\/www.cscharlevoix.qc.ca\/felix-antoine-savard\/wp-json\/wp\/v2\/types\/page"}],"author":[{"embeddable":true,"href":"https:\/\/www.cscharlevoix.qc.ca\/felix-antoine-savard\/wp-json\/wp\/v2\/users\/1"}],"replies":[{"embeddable":true,"href":"https:\/\/www.cscharlevoix.qc.ca\/felix-antoine-savard\/wp-json\/wp\/v2\/comments?post=7056"}],"version-history":[{"count":3,"href":"https:\/\/www.cscharlevoix.qc.ca\/felix-antoine-savard\/wp-json\/wp\/v2\/pages\/7056\/revisions"}],"predecessor-version":[{"id":7103,"href":"https:\/\/www.cscharlevoix.qc.ca\/felix-antoine-savard\/wp-json\/wp\/v2\/pages\/7056\/revisions\/7103"}],"up":[{"embeddable":true,"href":"https:\/\/www.cscharlevoix.qc.ca\/felix-antoine-savard\/wp-json\/wp\/v2\/pages\/7052"}],"wp:attachment":[{"href":"https:\/\/www.cscharlevoix.qc.ca\/felix-antoine-savard\/wp-json\/wp\/v2\/media?parent=7056"}],"wp:term":[{"taxonomy":"category","embeddable":true,"href":"https:\/\/www.cscharlevoix.qc.ca\/felix-antoine-savard\/wp-json\/wp\/v2\/categories?post=7056"},{"taxonomy":"post_tag","embeddable":true,"href":"https:\/\/www.cscharlevoix.qc.ca\/felix-antoine-savard\/wp-json\/wp\/v2\/tags?post=7056"}],"curies":[{"name":"wp","href":"https:\/\/api.w.org\/{rel}","templated":true}]}}