{"id":6965,"date":"2022-10-17T14:05:01","date_gmt":"2022-10-17T18:05:01","guid":{"rendered":"https:\/\/www.cscharlevoix.qc.ca\/felix-antoine-savard\/?page_id=6965"},"modified":"2024-05-08T11:25:00","modified_gmt":"2024-05-08T15:25:00","slug":"chantier-de-construction-octobre-2022","status":"publish","type":"page","link":"https:\/\/www.cscharlevoix.qc.ca\/felix-antoine-savard\/archives-galeries-de-photos\/chantier-de-construction-octobre-2022\/","title":{"rendered":"Chantier de construction &#8211; Octobre 2022"},"content":{"rendered":"<div class=\"wpb-content-wrapper\"><p>[vc_row][vc_column][vc_gallery type=\u00a0\u00bbimage_grid\u00a0\u00bb images=\u00a0\u00bb6969,6970,6971,6972,6973,6974,6975,6976,6977,6978,6979,6980,6981,6982,6983,6967,6968&Prime; img_size=\u00a0\u00bb440&#215;288&Prime; css_animation=\u00a0\u00bbnone\u00a0\u00bb][\/vc_column][\/vc_row]<\/p>\n<\/div>","protected":false},"excerpt":{"rendered":"<p>[vc_row][vc_column][vc_gallery type=\u00a0\u00bbimage_grid\u00a0\u00bb images=\u00a0\u00bb6969,6970,6971,6972,6973,6974,6975,6976,6977,6978,6979,6980,6981,6982,6983,6967,6968&Prime; img_size=\u00a0\u00bb440&#215;288&Prime; css_animation=\u00a0\u00bbnone\u00a0\u00bb][\/vc_column][\/vc_row]<\/p>\n","protected":false},"author":1,"featured_media":0,"parent":4526,"menu_order":0,"comment_status":"closed","ping_status":"closed","template":"","meta":{"footnotes":""},"categories":[],"tags":[],"class_list":["post-6965","page","type-page","status-publish","hentry","wp-image-borders"],"yoast_head":"<!-- This site is optimized with the Yoast SEO plugin v27.3 - https:\/\/yoast.com\/product\/yoast-seo-wordpress\/ -->\n<title>Chantier de construction - Octobre 2022 - Centre de services scolaire de Charlevoix (CSSDC) - \u00c9cole primaire des Eaux-Vives<\/title>\n<meta name=\"robots\" content=\"index, follow, max-snippet:-1, max-image-preview:large, max-video-preview:-1\" \/>\n<link rel=\"canonical\" href=\"https:\/\/www.cscharlevoix.qc.ca\/felix-antoine-savard\/archives-galeries-de-photos\/chantier-de-construction-octobre-2022\/\" \/>\n<meta property=\"og:locale\" content=\"fr_FR\" \/>\n<meta property=\"og:type\" content=\"article\" \/>\n<meta property=\"og:title\" content=\"Chantier de construction - Octobre 2022 - Centre de services scolaire de Charlevoix (CSSDC) - \u00c9cole primaire des Eaux-Vives\" \/>\n<meta property=\"og:description\" content=\"[vc_row][vc_column][vc_gallery type=\u00a0\u00bbimage_grid\u00a0\u00bb images=\u00a0\u00bb6969,6970,6971,6972,6973,6974,6975,6976,6977,6978,6979,6980,6981,6982,6983,6967,6968&Prime; img_size=\u00a0\u00bb440&#215;288&Prime; css_animation=\u00a0\u00bbnone\u00a0\u00bb][\/vc_column][\/vc_row]\" \/>\n<meta property=\"og:url\" content=\"https:\/\/www.cscharlevoix.qc.ca\/felix-antoine-savard\/archives-galeries-de-photos\/chantier-de-construction-octobre-2022\/\" \/>\n<meta property=\"og:site_name\" content=\"Centre de services scolaire de Charlevoix (CSSDC) - \u00c9cole primaire des Eaux-Vives\" \/>\n<meta property=\"article:publisher\" content=\"https:\/\/facebook.com\/csscharlevoix\/\" \/>\n<meta property=\"article:modified_time\" content=\"2024-05-08T15:25:00+00:00\" \/>\n<meta name=\"twitter:card\" content=\"summary_large_image\" \/>\n<meta name=\"twitter:site\" content=\"@csscharlevoix\" \/>\n<meta name=\"twitter:label1\" content=\"Dur\u00e9e de lecture estim\u00e9e\" \/>\n\t<meta name=\"twitter:data1\" content=\"1 minute\" \/>\n<script type=\"application\/ld+json\" class=\"yoast-schema-graph\">{\"@context\":\"https:\\\/\\\/schema.org\",\"@graph\":[{\"@type\":\"WebPage\",\"@id\":\"https:\\\/\\\/www.cscharlevoix.qc.ca\\\/felix-antoine-savard\\\/archives-galeries-de-photos\\\/chantier-de-construction-octobre-2022\\\/\",\"url\":\"https:\\\/\\\/www.cscharlevoix.qc.ca\\\/felix-antoine-savard\\\/archives-galeries-de-photos\\\/chantier-de-construction-octobre-2022\\\/\",\"name\":\"Chantier de construction - Octobre 2022 - Centre de services scolaire de Charlevoix (CSSDC) - \u00c9cole primaire des Eaux-Vives\",\"isPartOf\":{\"@id\":\"https:\\\/\\\/www.cscharlevoix.qc.ca\\\/felix-antoine-savard\\\/#website\"},\"datePublished\":\"2022-10-17T18:05:01+00:00\",\"dateModified\":\"2024-05-08T15:25:00+00:00\",\"breadcrumb\":{\"@id\":\"https:\\\/\\\/www.cscharlevoix.qc.ca\\\/felix-antoine-savard\\\/archives-galeries-de-photos\\\/chantier-de-construction-octobre-2022\\\/#breadcrumb\"},\"inLanguage\":\"fr-FR\",\"potentialAction\":[{\"@type\":\"ReadAction\",\"target\":[\"https:\\\/\\\/www.cscharlevoix.qc.ca\\\/felix-antoine-savard\\\/archives-galeries-de-photos\\\/chantier-de-construction-octobre-2022\\\/\"]}]},{\"@type\":\"BreadcrumbList\",\"@id\":\"https:\\\/\\\/www.cscharlevoix.qc.ca\\\/felix-antoine-savard\\\/archives-galeries-de-photos\\\/chantier-de-construction-octobre-2022\\\/#breadcrumb\",\"itemListElement\":[{\"@type\":\"ListItem\",\"position\":1,\"name\":\"Accueil\",\"item\":\"https:\\\/\\\/www.cscharlevoix.qc.ca\\\/felix-antoine-savard\\\/\"},{\"@type\":\"ListItem\",\"position\":2,\"name\":\"Archives &#8211; Galeries de photos\",\"item\":\"https:\\\/\\\/www.cscharlevoix.qc.ca\\\/felix-antoine-savard\\\/archives-galeries-de-photos\\\/\"},{\"@type\":\"ListItem\",\"position\":3,\"name\":\"Chantier de construction &#8211; Octobre 2022\"}]},{\"@type\":\"WebSite\",\"@id\":\"https:\\\/\\\/www.cscharlevoix.qc.ca\\\/felix-antoine-savard\\\/#website\",\"url\":\"https:\\\/\\\/www.cscharlevoix.qc.ca\\\/felix-antoine-savard\\\/\",\"name\":\"Centre de services scolaire de Charlevoix (CSSDC) - \u00c9cole primaire des Eaux-Vives\",\"description\":\"Desservant le territoire de Charlevoix, le Centre de services scolaire de Charlevoix (CSSDC) compte 14 \u00e9coles primaires, 3 \u00e9coles secondaires et un Centre d\u2019\u00e9ducation des adultes et de formation professionnelle. Chaque ann\u00e9e, ses quelque 630 employ\u00e9s \u0153uvrent \u00e0 instruire, socialiser et qualifier plus de 3500 personnes. Celles-ci \u00e9tudient dans des environnements inclusifs favorisant l\u2019autonomie en apprentissage, la r\u00e9ussite scolaire, le d\u00e9veloppement du plein potentiel de chacun et l\u2019acquisition des comp\u00e9tences n\u00e9cessaires au XXIe si\u00e8cle.\",\"publisher\":{\"@id\":\"https:\\\/\\\/www.cscharlevoix.qc.ca\\\/felix-antoine-savard\\\/#organization\"},\"potentialAction\":[{\"@type\":\"SearchAction\",\"target\":{\"@type\":\"EntryPoint\",\"urlTemplate\":\"https:\\\/\\\/www.cscharlevoix.qc.ca\\\/felix-antoine-savard\\\/?s={search_term_string}\"},\"query-input\":{\"@type\":\"PropertyValueSpecification\",\"valueRequired\":true,\"valueName\":\"search_term_string\"}}],\"inLanguage\":\"fr-FR\"},{\"@type\":\"Organization\",\"@id\":\"https:\\\/\\\/www.cscharlevoix.qc.ca\\\/felix-antoine-savard\\\/#organization\",\"name\":\"Centre de services scolaire de Charlevoix\",\"url\":\"https:\\\/\\\/www.cscharlevoix.qc.ca\\\/felix-antoine-savard\\\/\",\"logo\":{\"@type\":\"ImageObject\",\"inLanguage\":\"fr-FR\",\"@id\":\"https:\\\/\\\/www.cscharlevoix.qc.ca\\\/felix-antoine-savard\\\/#\\\/schema\\\/logo\\\/image\\\/\",\"url\":\"https:\\\/\\\/www.cscharlevoix.qc.ca\\\/felix-antoine-savard\\\/wp-content\\\/uploads\\\/2021\\\/05\\\/CSSCharlevoix.png\",\"contentUrl\":\"https:\\\/\\\/www.cscharlevoix.qc.ca\\\/felix-antoine-savard\\\/wp-content\\\/uploads\\\/2021\\\/05\\\/CSSCharlevoix.png\",\"width\":300,\"height\":129,\"caption\":\"Centre de services scolaire de Charlevoix\"},\"image\":{\"@id\":\"https:\\\/\\\/www.cscharlevoix.qc.ca\\\/felix-antoine-savard\\\/#\\\/schema\\\/logo\\\/image\\\/\"},\"sameAs\":[\"https:\\\/\\\/facebook.com\\\/csscharlevoix\\\/\",\"https:\\\/\\\/x.com\\\/csscharlevoix\"]}]}<\/script>\n<!-- \/ Yoast SEO plugin. -->","yoast_head_json":{"title":"Chantier de construction - Octobre 2022 - Centre de services scolaire de Charlevoix (CSSDC) - \u00c9cole primaire des Eaux-Vives","robots":{"index":"index","follow":"follow","max-snippet":"max-snippet:-1","max-image-preview":"max-image-preview:large","max-video-preview":"max-video-preview:-1"},"canonical":"https:\/\/www.cscharlevoix.qc.ca\/felix-antoine-savard\/archives-galeries-de-photos\/chantier-de-construction-octobre-2022\/","og_locale":"fr_FR","og_type":"article","og_title":"Chantier de construction - Octobre 2022 - Centre de services scolaire de Charlevoix (CSSDC) - \u00c9cole primaire des Eaux-Vives","og_description":"[vc_row][vc_column][vc_gallery type=\u00a0\u00bbimage_grid\u00a0\u00bb images=\u00a0\u00bb6969,6970,6971,6972,6973,6974,6975,6976,6977,6978,6979,6980,6981,6982,6983,6967,6968&Prime; img_size=\u00a0\u00bb440&#215;288&Prime; css_animation=\u00a0\u00bbnone\u00a0\u00bb][\/vc_column][\/vc_row]","og_url":"https:\/\/www.cscharlevoix.qc.ca\/felix-antoine-savard\/archives-galeries-de-photos\/chantier-de-construction-octobre-2022\/","og_site_name":"Centre de services scolaire de Charlevoix (CSSDC) - \u00c9cole primaire des Eaux-Vives","article_publisher":"https:\/\/facebook.com\/csscharlevoix\/","article_modified_time":"2024-05-08T15:25:00+00:00","twitter_card":"summary_large_image","twitter_site":"@csscharlevoix","twitter_misc":{"Dur\u00e9e de lecture estim\u00e9e":"1 minute"},"schema":{"@context":"https:\/\/schema.org","@graph":[{"@type":"WebPage","@id":"https:\/\/www.cscharlevoix.qc.ca\/felix-antoine-savard\/archives-galeries-de-photos\/chantier-de-construction-octobre-2022\/","url":"https:\/\/www.cscharlevoix.qc.ca\/felix-antoine-savard\/archives-galeries-de-photos\/chantier-de-construction-octobre-2022\/","name":"Chantier de construction - Octobre 2022 - Centre de services scolaire de Charlevoix (CSSDC) - \u00c9cole primaire des Eaux-Vives","isPartOf":{"@id":"https:\/\/www.cscharlevoix.qc.ca\/felix-antoine-savard\/#website"},"datePublished":"2022-10-17T18:05:01+00:00","dateModified":"2024-05-08T15:25:00+00:00","breadcrumb":{"@id":"https:\/\/www.cscharlevoix.qc.ca\/felix-antoine-savard\/archives-galeries-de-photos\/chantier-de-construction-octobre-2022\/#breadcrumb"},"inLanguage":"fr-FR","potentialAction":[{"@type":"ReadAction","target":["https:\/\/www.cscharlevoix.qc.ca\/felix-antoine-savard\/archives-galeries-de-photos\/chantier-de-construction-octobre-2022\/"]}]},{"@type":"BreadcrumbList","@id":"https:\/\/www.cscharlevoix.qc.ca\/felix-antoine-savard\/archives-galeries-de-photos\/chantier-de-construction-octobre-2022\/#breadcrumb","itemListElement":[{"@type":"ListItem","position":1,"name":"Accueil","item":"https:\/\/www.cscharlevoix.qc.ca\/felix-antoine-savard\/"},{"@type":"ListItem","position":2,"name":"Archives &#8211; Galeries de photos","item":"https:\/\/www.cscharlevoix.qc.ca\/felix-antoine-savard\/archives-galeries-de-photos\/"},{"@type":"ListItem","position":3,"name":"Chantier de construction &#8211; Octobre 2022"}]},{"@type":"WebSite","@id":"https:\/\/www.cscharlevoix.qc.ca\/felix-antoine-savard\/#website","url":"https:\/\/www.cscharlevoix.qc.ca\/felix-antoine-savard\/","name":"Centre de services scolaire de Charlevoix (CSSDC) - \u00c9cole primaire des Eaux-Vives","description":"Desservant le territoire de Charlevoix, le Centre de services scolaire de Charlevoix (CSSDC) compte 14 \u00e9coles primaires, 3 \u00e9coles secondaires et un Centre d\u2019\u00e9ducation des adultes et de formation professionnelle. Chaque ann\u00e9e, ses quelque 630 employ\u00e9s \u0153uvrent \u00e0 instruire, socialiser et qualifier plus de 3500 personnes. Celles-ci \u00e9tudient dans des environnements inclusifs favorisant l\u2019autonomie en apprentissage, la r\u00e9ussite scolaire, le d\u00e9veloppement du plein potentiel de chacun et l\u2019acquisition des comp\u00e9tences n\u00e9cessaires au XXIe si\u00e8cle.","publisher":{"@id":"https:\/\/www.cscharlevoix.qc.ca\/felix-antoine-savard\/#organization"},"potentialAction":[{"@type":"SearchAction","target":{"@type":"EntryPoint","urlTemplate":"https:\/\/www.cscharlevoix.qc.ca\/felix-antoine-savard\/?s={search_term_string}"},"query-input":{"@type":"PropertyValueSpecification","valueRequired":true,"valueName":"search_term_string"}}],"inLanguage":"fr-FR"},{"@type":"Organization","@id":"https:\/\/www.cscharlevoix.qc.ca\/felix-antoine-savard\/#organization","name":"Centre de services scolaire de Charlevoix","url":"https:\/\/www.cscharlevoix.qc.ca\/felix-antoine-savard\/","logo":{"@type":"ImageObject","inLanguage":"fr-FR","@id":"https:\/\/www.cscharlevoix.qc.ca\/felix-antoine-savard\/#\/schema\/logo\/image\/","url":"https:\/\/www.cscharlevoix.qc.ca\/felix-antoine-savard\/wp-content\/uploads\/2021\/05\/CSSCharlevoix.png","contentUrl":"https:\/\/www.cscharlevoix.qc.ca\/felix-antoine-savard\/wp-content\/uploads\/2021\/05\/CSSCharlevoix.png","width":300,"height":129,"caption":"Centre de services scolaire de Charlevoix"},"image":{"@id":"https:\/\/www.cscharlevoix.qc.ca\/felix-antoine-savard\/#\/schema\/logo\/image\/"},"sameAs":["https:\/\/facebook.com\/csscharlevoix\/","https:\/\/x.com\/csscharlevoix"]}]}},"_links":{"self":[{"href":"https:\/\/www.cscharlevoix.qc.ca\/felix-antoine-savard\/wp-json\/wp\/v2\/pages\/6965","targetHints":{"allow":["GET"]}}],"collection":[{"href":"https:\/\/www.cscharlevoix.qc.ca\/felix-antoine-savard\/wp-json\/wp\/v2\/pages"}],"about":[{"href":"https:\/\/www.cscharlevoix.qc.ca\/felix-antoine-savard\/wp-json\/wp\/v2\/types\/page"}],"author":[{"embeddable":true,"href":"https:\/\/www.cscharlevoix.qc.ca\/felix-antoine-savard\/wp-json\/wp\/v2\/users\/1"}],"replies":[{"embeddable":true,"href":"https:\/\/www.cscharlevoix.qc.ca\/felix-antoine-savard\/wp-json\/wp\/v2\/comments?post=6965"}],"version-history":[{"count":2,"href":"https:\/\/www.cscharlevoix.qc.ca\/felix-antoine-savard\/wp-json\/wp\/v2\/pages\/6965\/revisions"}],"predecessor-version":[{"id":6984,"href":"https:\/\/www.cscharlevoix.qc.ca\/felix-antoine-savard\/wp-json\/wp\/v2\/pages\/6965\/revisions\/6984"}],"up":[{"embeddable":true,"href":"https:\/\/www.cscharlevoix.qc.ca\/felix-antoine-savard\/wp-json\/wp\/v2\/pages\/4526"}],"wp:attachment":[{"href":"https:\/\/www.cscharlevoix.qc.ca\/felix-antoine-savard\/wp-json\/wp\/v2\/media?parent=6965"}],"wp:term":[{"taxonomy":"category","embeddable":true,"href":"https:\/\/www.cscharlevoix.qc.ca\/felix-antoine-savard\/wp-json\/wp\/v2\/categories?post=6965"},{"taxonomy":"post_tag","embeddable":true,"href":"https:\/\/www.cscharlevoix.qc.ca\/felix-antoine-savard\/wp-json\/wp\/v2\/tags?post=6965"}],"curies":[{"name":"wp","href":"https:\/\/api.w.org\/{rel}","templated":true}]}}