{"id":6834,"date":"2021-09-14T15:46:08","date_gmt":"2021-09-14T19:46:08","guid":{"rendered":"https:\/\/www.cscharlevoix.qc.ca\/felix-antoine-savard\/?page_id=6834"},"modified":"2024-05-08T11:13:33","modified_gmt":"2024-05-08T15:13:33","slug":"liens-educatifs","status":"publish","type":"page","link":"https:\/\/www.cscharlevoix.qc.ca\/felix-antoine-savard\/a-propos\/liens-educatifs\/","title":{"rendered":"Liens \u00e9ducatifs"},"content":{"rendered":"<div class=\"top_heading_out\">\n<div class=\"breadcrumbs-wrapper\">\n<div class=\"container\">\n<ul id=\"breadcrumbs\" class=\"breadcrumbs\">\n<li>Outils d\u2019apprentissage<\/li>\n<\/ul>\n<\/div>\n<\/div>\n<\/div>\n<div class=\"container site-content\">\n<div class=\"row\">\n<p>&nbsp;<\/p>\n<article id=\"post-4149\" class=\"post-4149 page type-page status-publish hentry\">\n<div class=\"entry-content\">\n<p><strong>L\u2019\u00c9cole ouverte \u2013 Fais ton parcours !<\/strong><\/p>\n<p><a href=\"https:\/\/www.ecoleouverte.ca\/\">La plateforme de l\u2019\u00c9cole ouverte<\/a>\u00a0offre des ressources pour apprendre, cr\u00e9er, se divertir et bouger, un peu comme \u00e0 l\u2019\u00e9cole. Les activit\u00e9s \u00e9ducatives sont pr\u00e9vues pour que les \u00e9l\u00e8ves puissent les r\u00e9aliser de fa\u00e7on autonome \u00e0 la maison par eux-m\u00eames ou avec le soutien de leurs proches. Chaque \u00e9l\u00e8ve pourra faire son propre parcours selon son niveau scolaire et ses connaissances.<\/p>\n<p><strong>T\u00e9l\u00e9-Qu\u00e9bec en classe<\/strong><\/p>\n<p><a href=\"https:\/\/enclasse.telequebec.tv\/\">La plateforme T\u00e9l\u00e9-Qu\u00e9bec en classe<\/a>\u00a0propose un environnement stimulant, s\u00e9curitaire, amusant, pertinent et rigoureux pour apprendre dans le plaisir, tout en maintenant les acquis scolaires. La plateforme regroupe, par niveau (primaire et secondaire) et par mati\u00e8re scolaire, des centaines de segments vid\u00e9o pertinents d\u2019\u00e9missions \u00e9ducatives en lien avec le programme de formation de l\u2019\u00e9cole qu\u00e9b\u00e9coise.<\/p>\n<p><strong>Savoir m\u00e9dia \u2013 Mati\u00e8res \u00e0 emporter<\/strong><\/p>\n<p><a href=\"https:\/\/www.matieresaemporter.ca\/\">Mati\u00e8res \u00e0 emporter<\/a>\u00a0est une s\u00e9rie d\u2019\u00e9missions \u00e9ducatives \u00e0 l\u2019intention de tous les \u00e9l\u00e8ves francophones du Qu\u00e9bec qui propose, pour chaque niveau, des savoirs essentiels. En tout, ce sont pr\u00e8s de 200 \u00e9missions de 30 minutes anim\u00e9es par une \u00e9quipe d\u2019enseignants et d\u2019enseignantes dynamiques qui mettent en valeur des notions de fran\u00e7ais, de math\u00e9matique, d\u2019anglais, d\u2019histoire et de sciences.<\/p>\n<p><strong>Alloprof<\/strong><\/p>\n<p><a href=\"https:\/\/www.alloprof.qc.ca\/\">Alloprof<\/a>, complice de la r\u00e9ussite scolaire, d\u00e9veloppe des services professionnels et des ressources num\u00e9riques de soutien scolaire et les rend accessibles gratuitement \u00e0 tous les \u00e9l\u00e8ves du Qu\u00e9bec et leurs parents.<\/p>\n<p><strong>Netmath<\/strong><\/p>\n<p><a href=\"https:\/\/netmath.ca\/fr\/\">Netmath<\/a>\u00a0est une plateforme avec plus de 30\u00a0000 questions math\u00e9matiques pour les \u00e9l\u00e8ves de 6 \u00e0 16 ans pour apprendre dans le plaisir et en stimulant la motivation.<\/p>\n<\/div>\n<\/article>\n<p>&nbsp;<\/p>\n<\/div>\n<\/div>\n","protected":false},"excerpt":{"rendered":"<p>Outils d\u2019apprentissage &nbsp; L\u2019\u00c9cole ouverte \u2013 Fais ton parcours ! La plateforme de l\u2019\u00c9cole ouverte\u00a0offre des ressources pour apprendre, cr\u00e9er, se divertir et bouger, un peu comme \u00e0 l\u2019\u00e9cole. Les activit\u00e9s \u00e9ducatives sont pr\u00e9vues pour que les \u00e9l\u00e8ves puissent les r\u00e9aliser de fa\u00e7on autonome \u00e0 la maison par eux-m\u00eames ou &hellip; <\/p>\n","protected":false},"author":1,"featured_media":0,"parent":2901,"menu_order":0,"comment_status":"closed","ping_status":"closed","template":"","meta":{"footnotes":""},"categories":[],"tags":[],"class_list":["post-6834","page","type-page","status-publish","hentry","wp-image-borders"],"yoast_head":"<!-- This site is optimized with the Yoast SEO plugin v27.6 - https:\/\/yoast.com\/product\/yoast-seo-wordpress\/ -->\n<title>Liens \u00e9ducatifs - Centre de services scolaire de Charlevoix (CSSDC) - \u00c9cole primaire des Eaux-Vives<\/title>\n<meta name=\"robots\" content=\"index, follow, max-snippet:-1, max-image-preview:large, max-video-preview:-1\" \/>\n<link rel=\"canonical\" href=\"https:\/\/www.cscharlevoix.qc.ca\/felix-antoine-savard\/a-propos\/liens-educatifs\/\" \/>\n<meta property=\"og:locale\" content=\"fr_FR\" \/>\n<meta property=\"og:type\" content=\"article\" \/>\n<meta property=\"og:title\" content=\"Liens \u00e9ducatifs - Centre de services scolaire de Charlevoix (CSSDC) - \u00c9cole primaire des Eaux-Vives\" \/>\n<meta property=\"og:description\" content=\"Outils d\u2019apprentissage &nbsp; L\u2019\u00c9cole ouverte \u2013 Fais ton parcours ! La plateforme de l\u2019\u00c9cole ouverte\u00a0offre des ressources pour apprendre, cr\u00e9er, se divertir et bouger, un peu comme \u00e0 l\u2019\u00e9cole. Les activit\u00e9s \u00e9ducatives sont pr\u00e9vues pour que les \u00e9l\u00e8ves puissent les r\u00e9aliser de fa\u00e7on autonome \u00e0 la maison par eux-m\u00eames ou &hellip;\" \/>\n<meta property=\"og:url\" content=\"https:\/\/www.cscharlevoix.qc.ca\/felix-antoine-savard\/a-propos\/liens-educatifs\/\" \/>\n<meta property=\"og:site_name\" content=\"Centre de services scolaire de Charlevoix (CSSDC) - \u00c9cole primaire des Eaux-Vives\" \/>\n<meta property=\"article:publisher\" content=\"https:\/\/facebook.com\/csscharlevoix\/\" \/>\n<meta property=\"article:modified_time\" content=\"2024-05-08T15:13:33+00:00\" \/>\n<meta name=\"twitter:card\" content=\"summary_large_image\" \/>\n<meta name=\"twitter:site\" content=\"@csscharlevoix\" \/>\n<meta name=\"twitter:label1\" content=\"Dur\u00e9e de lecture estim\u00e9e\" \/>\n\t<meta name=\"twitter:data1\" content=\"2 minutes\" \/>\n<script type=\"application\/ld+json\" class=\"yoast-schema-graph\">{\"@context\":\"https:\\\/\\\/schema.org\",\"@graph\":[{\"@type\":\"WebPage\",\"@id\":\"https:\\\/\\\/www.cscharlevoix.qc.ca\\\/felix-antoine-savard\\\/a-propos\\\/liens-educatifs\\\/\",\"url\":\"https:\\\/\\\/www.cscharlevoix.qc.ca\\\/felix-antoine-savard\\\/a-propos\\\/liens-educatifs\\\/\",\"name\":\"Liens \u00e9ducatifs - Centre de services scolaire de Charlevoix (CSSDC) - \u00c9cole primaire des Eaux-Vives\",\"isPartOf\":{\"@id\":\"https:\\\/\\\/www.cscharlevoix.qc.ca\\\/felix-antoine-savard\\\/#website\"},\"datePublished\":\"2021-09-14T19:46:08+00:00\",\"dateModified\":\"2024-05-08T15:13:33+00:00\",\"breadcrumb\":{\"@id\":\"https:\\\/\\\/www.cscharlevoix.qc.ca\\\/felix-antoine-savard\\\/a-propos\\\/liens-educatifs\\\/#breadcrumb\"},\"inLanguage\":\"fr-FR\",\"potentialAction\":[{\"@type\":\"ReadAction\",\"target\":[\"https:\\\/\\\/www.cscharlevoix.qc.ca\\\/felix-antoine-savard\\\/a-propos\\\/liens-educatifs\\\/\"]}]},{\"@type\":\"BreadcrumbList\",\"@id\":\"https:\\\/\\\/www.cscharlevoix.qc.ca\\\/felix-antoine-savard\\\/a-propos\\\/liens-educatifs\\\/#breadcrumb\",\"itemListElement\":[{\"@type\":\"ListItem\",\"position\":1,\"name\":\"Accueil\",\"item\":\"https:\\\/\\\/www.cscharlevoix.qc.ca\\\/felix-antoine-savard\\\/\"},{\"@type\":\"ListItem\",\"position\":2,\"name\":\"\u00c0 propos\",\"item\":\"https:\\\/\\\/www.cscharlevoix.qc.ca\\\/felix-antoine-savard\\\/a-propos\\\/\"},{\"@type\":\"ListItem\",\"position\":3,\"name\":\"Liens \u00e9ducatifs\"}]},{\"@type\":\"WebSite\",\"@id\":\"https:\\\/\\\/www.cscharlevoix.qc.ca\\\/felix-antoine-savard\\\/#website\",\"url\":\"https:\\\/\\\/www.cscharlevoix.qc.ca\\\/felix-antoine-savard\\\/\",\"name\":\"Centre de services scolaire de Charlevoix (CSSDC) - \u00c9cole primaire des Eaux-Vives\",\"description\":\"Desservant le territoire de Charlevoix, le Centre de services scolaire de Charlevoix (CSSDC) compte 14 \u00e9coles primaires, 3 \u00e9coles secondaires et un Centre d\u2019\u00e9ducation des adultes et de formation professionnelle. Chaque ann\u00e9e, ses quelque 630 employ\u00e9s \u0153uvrent \u00e0 instruire, socialiser et qualifier plus de 3500 personnes. Celles-ci \u00e9tudient dans des environnements inclusifs favorisant l\u2019autonomie en apprentissage, la r\u00e9ussite scolaire, le d\u00e9veloppement du plein potentiel de chacun et l\u2019acquisition des comp\u00e9tences n\u00e9cessaires au XXIe si\u00e8cle.\",\"publisher\":{\"@id\":\"https:\\\/\\\/www.cscharlevoix.qc.ca\\\/felix-antoine-savard\\\/#organization\"},\"potentialAction\":[{\"@type\":\"SearchAction\",\"target\":{\"@type\":\"EntryPoint\",\"urlTemplate\":\"https:\\\/\\\/www.cscharlevoix.qc.ca\\\/felix-antoine-savard\\\/?s={search_term_string}\"},\"query-input\":{\"@type\":\"PropertyValueSpecification\",\"valueRequired\":true,\"valueName\":\"search_term_string\"}}],\"inLanguage\":\"fr-FR\"},{\"@type\":\"Organization\",\"@id\":\"https:\\\/\\\/www.cscharlevoix.qc.ca\\\/felix-antoine-savard\\\/#organization\",\"name\":\"Centre de services scolaire de Charlevoix\",\"url\":\"https:\\\/\\\/www.cscharlevoix.qc.ca\\\/felix-antoine-savard\\\/\",\"logo\":{\"@type\":\"ImageObject\",\"inLanguage\":\"fr-FR\",\"@id\":\"https:\\\/\\\/www.cscharlevoix.qc.ca\\\/felix-antoine-savard\\\/#\\\/schema\\\/logo\\\/image\\\/\",\"url\":\"https:\\\/\\\/www.cscharlevoix.qc.ca\\\/felix-antoine-savard\\\/wp-content\\\/uploads\\\/2021\\\/05\\\/CSSCharlevoix.png\",\"contentUrl\":\"https:\\\/\\\/www.cscharlevoix.qc.ca\\\/felix-antoine-savard\\\/wp-content\\\/uploads\\\/2021\\\/05\\\/CSSCharlevoix.png\",\"width\":300,\"height\":129,\"caption\":\"Centre de services scolaire de Charlevoix\"},\"image\":{\"@id\":\"https:\\\/\\\/www.cscharlevoix.qc.ca\\\/felix-antoine-savard\\\/#\\\/schema\\\/logo\\\/image\\\/\"},\"sameAs\":[\"https:\\\/\\\/facebook.com\\\/csscharlevoix\\\/\",\"https:\\\/\\\/x.com\\\/csscharlevoix\"]}]}<\/script>\n<!-- \/ Yoast SEO plugin. -->","yoast_head_json":{"title":"Liens \u00e9ducatifs - Centre de services scolaire de Charlevoix (CSSDC) - \u00c9cole primaire des Eaux-Vives","robots":{"index":"index","follow":"follow","max-snippet":"max-snippet:-1","max-image-preview":"max-image-preview:large","max-video-preview":"max-video-preview:-1"},"canonical":"https:\/\/www.cscharlevoix.qc.ca\/felix-antoine-savard\/a-propos\/liens-educatifs\/","og_locale":"fr_FR","og_type":"article","og_title":"Liens \u00e9ducatifs - Centre de services scolaire de Charlevoix (CSSDC) - \u00c9cole primaire des Eaux-Vives","og_description":"Outils d\u2019apprentissage &nbsp; L\u2019\u00c9cole ouverte \u2013 Fais ton parcours ! La plateforme de l\u2019\u00c9cole ouverte\u00a0offre des ressources pour apprendre, cr\u00e9er, se divertir et bouger, un peu comme \u00e0 l\u2019\u00e9cole. Les activit\u00e9s \u00e9ducatives sont pr\u00e9vues pour que les \u00e9l\u00e8ves puissent les r\u00e9aliser de fa\u00e7on autonome \u00e0 la maison par eux-m\u00eames ou &hellip;","og_url":"https:\/\/www.cscharlevoix.qc.ca\/felix-antoine-savard\/a-propos\/liens-educatifs\/","og_site_name":"Centre de services scolaire de Charlevoix (CSSDC) - \u00c9cole primaire des Eaux-Vives","article_publisher":"https:\/\/facebook.com\/csscharlevoix\/","article_modified_time":"2024-05-08T15:13:33+00:00","twitter_card":"summary_large_image","twitter_site":"@csscharlevoix","twitter_misc":{"Dur\u00e9e de lecture estim\u00e9e":"2 minutes"},"schema":{"@context":"https:\/\/schema.org","@graph":[{"@type":"WebPage","@id":"https:\/\/www.cscharlevoix.qc.ca\/felix-antoine-savard\/a-propos\/liens-educatifs\/","url":"https:\/\/www.cscharlevoix.qc.ca\/felix-antoine-savard\/a-propos\/liens-educatifs\/","name":"Liens \u00e9ducatifs - Centre de services scolaire de Charlevoix (CSSDC) - \u00c9cole primaire des Eaux-Vives","isPartOf":{"@id":"https:\/\/www.cscharlevoix.qc.ca\/felix-antoine-savard\/#website"},"datePublished":"2021-09-14T19:46:08+00:00","dateModified":"2024-05-08T15:13:33+00:00","breadcrumb":{"@id":"https:\/\/www.cscharlevoix.qc.ca\/felix-antoine-savard\/a-propos\/liens-educatifs\/#breadcrumb"},"inLanguage":"fr-FR","potentialAction":[{"@type":"ReadAction","target":["https:\/\/www.cscharlevoix.qc.ca\/felix-antoine-savard\/a-propos\/liens-educatifs\/"]}]},{"@type":"BreadcrumbList","@id":"https:\/\/www.cscharlevoix.qc.ca\/felix-antoine-savard\/a-propos\/liens-educatifs\/#breadcrumb","itemListElement":[{"@type":"ListItem","position":1,"name":"Accueil","item":"https:\/\/www.cscharlevoix.qc.ca\/felix-antoine-savard\/"},{"@type":"ListItem","position":2,"name":"\u00c0 propos","item":"https:\/\/www.cscharlevoix.qc.ca\/felix-antoine-savard\/a-propos\/"},{"@type":"ListItem","position":3,"name":"Liens \u00e9ducatifs"}]},{"@type":"WebSite","@id":"https:\/\/www.cscharlevoix.qc.ca\/felix-antoine-savard\/#website","url":"https:\/\/www.cscharlevoix.qc.ca\/felix-antoine-savard\/","name":"Centre de services scolaire de Charlevoix (CSSDC) - \u00c9cole primaire des Eaux-Vives","description":"Desservant le territoire de Charlevoix, le Centre de services scolaire de Charlevoix (CSSDC) compte 14 \u00e9coles primaires, 3 \u00e9coles secondaires et un Centre d\u2019\u00e9ducation des adultes et de formation professionnelle. Chaque ann\u00e9e, ses quelque 630 employ\u00e9s \u0153uvrent \u00e0 instruire, socialiser et qualifier plus de 3500 personnes. Celles-ci \u00e9tudient dans des environnements inclusifs favorisant l\u2019autonomie en apprentissage, la r\u00e9ussite scolaire, le d\u00e9veloppement du plein potentiel de chacun et l\u2019acquisition des comp\u00e9tences n\u00e9cessaires au XXIe si\u00e8cle.","publisher":{"@id":"https:\/\/www.cscharlevoix.qc.ca\/felix-antoine-savard\/#organization"},"potentialAction":[{"@type":"SearchAction","target":{"@type":"EntryPoint","urlTemplate":"https:\/\/www.cscharlevoix.qc.ca\/felix-antoine-savard\/?s={search_term_string}"},"query-input":{"@type":"PropertyValueSpecification","valueRequired":true,"valueName":"search_term_string"}}],"inLanguage":"fr-FR"},{"@type":"Organization","@id":"https:\/\/www.cscharlevoix.qc.ca\/felix-antoine-savard\/#organization","name":"Centre de services scolaire de Charlevoix","url":"https:\/\/www.cscharlevoix.qc.ca\/felix-antoine-savard\/","logo":{"@type":"ImageObject","inLanguage":"fr-FR","@id":"https:\/\/www.cscharlevoix.qc.ca\/felix-antoine-savard\/#\/schema\/logo\/image\/","url":"https:\/\/www.cscharlevoix.qc.ca\/felix-antoine-savard\/wp-content\/uploads\/2021\/05\/CSSCharlevoix.png","contentUrl":"https:\/\/www.cscharlevoix.qc.ca\/felix-antoine-savard\/wp-content\/uploads\/2021\/05\/CSSCharlevoix.png","width":300,"height":129,"caption":"Centre de services scolaire de Charlevoix"},"image":{"@id":"https:\/\/www.cscharlevoix.qc.ca\/felix-antoine-savard\/#\/schema\/logo\/image\/"},"sameAs":["https:\/\/facebook.com\/csscharlevoix\/","https:\/\/x.com\/csscharlevoix"]}]}},"_links":{"self":[{"href":"https:\/\/www.cscharlevoix.qc.ca\/felix-antoine-savard\/wp-json\/wp\/v2\/pages\/6834","targetHints":{"allow":["GET"]}}],"collection":[{"href":"https:\/\/www.cscharlevoix.qc.ca\/felix-antoine-savard\/wp-json\/wp\/v2\/pages"}],"about":[{"href":"https:\/\/www.cscharlevoix.qc.ca\/felix-antoine-savard\/wp-json\/wp\/v2\/types\/page"}],"author":[{"embeddable":true,"href":"https:\/\/www.cscharlevoix.qc.ca\/felix-antoine-savard\/wp-json\/wp\/v2\/users\/1"}],"replies":[{"embeddable":true,"href":"https:\/\/www.cscharlevoix.qc.ca\/felix-antoine-savard\/wp-json\/wp\/v2\/comments?post=6834"}],"version-history":[{"count":4,"href":"https:\/\/www.cscharlevoix.qc.ca\/felix-antoine-savard\/wp-json\/wp\/v2\/pages\/6834\/revisions"}],"predecessor-version":[{"id":7132,"href":"https:\/\/www.cscharlevoix.qc.ca\/felix-antoine-savard\/wp-json\/wp\/v2\/pages\/6834\/revisions\/7132"}],"up":[{"embeddable":true,"href":"https:\/\/www.cscharlevoix.qc.ca\/felix-antoine-savard\/wp-json\/wp\/v2\/pages\/2901"}],"wp:attachment":[{"href":"https:\/\/www.cscharlevoix.qc.ca\/felix-antoine-savard\/wp-json\/wp\/v2\/media?parent=6834"}],"wp:term":[{"taxonomy":"category","embeddable":true,"href":"https:\/\/www.cscharlevoix.qc.ca\/felix-antoine-savard\/wp-json\/wp\/v2\/categories?post=6834"},{"taxonomy":"post_tag","embeddable":true,"href":"https:\/\/www.cscharlevoix.qc.ca\/felix-antoine-savard\/wp-json\/wp\/v2\/tags?post=6834"}],"curies":[{"name":"wp","href":"https:\/\/api.w.org\/{rel}","templated":true}]}}