{"id":3,"date":"2021-05-19T19:28:40","date_gmt":"2021-05-19T19:28:40","guid":{"rendered":"https:\/\/www.cscharlevoix.qc.ca\/felix-antoine-savard\/?page_id=3"},"modified":"2024-05-08T11:25:19","modified_gmt":"2024-05-08T15:25:19","slug":"politique-de-confidentialite","status":"publish","type":"page","link":"https:\/\/www.cscharlevoix.qc.ca\/felix-antoine-savard\/politique-de-confidentialite\/","title":{"rendered":"Politique de confidentialit\u00e9"},"content":{"rendered":"<div class=\"wpb-content-wrapper\"><p>[vc_row][vc_column][vc_column_text]<\/p>\n<p style=\"text-align: justify;\">Nous vous invitons \u00e0 prendre connaissance de notre politique de confidentialit\u00e9 pour conna\u00eetre les r\u00e8gles que nous appliquons en mati\u00e8re de protection des renseignements personnels.<\/p>\n<p style=\"text-align: justify;\"><strong>Utilisation des fichiers t\u00e9moins (\u00ab cookies \u00bb)<\/strong><\/p>\n<p style=\"text-align: justify;\">Le pr\u00e9sent site ne place aucun fichier t\u00e9moin (\u00ab cookie \u00bb) permanent dans les disques durs des ordinateurs des visiteurs, mais uniquement un fichier t\u00e9moin temporaire requis pour am\u00e9liorer la performance de certaines fonctionnalit\u00e9s du site.<\/p>\n<p style=\"text-align: justify;\"><strong>Informations \u00e9chang\u00e9es automatiquement<\/strong><\/p>\n<p style=\"text-align: justify;\">Les articles de ce site peuvent inclure des contenus int\u00e9gr\u00e9s (exemples\u00a0: vid\u00e9os, images, articles). Le contenu int\u00e9gr\u00e9 \u00e0 partir d\u2019autres sites se comporte de la m\u00eame mani\u00e8re que si le visiteur se rendait sur cet autre site.<\/p>\n<p style=\"text-align: justify;\">Lorsque vous acc\u00e9dez \u00e0 notre site, votre ordinateur et le serveur du site \u00e9changent automatiquement des informations. Cette communication est n\u00e9cessaire pour que le serveur transmette un fichier compatible avec l\u2019\u00e9quipement informatique que vous utilisez. Les informations \u00e9chang\u00e9es sont les suivantes :<\/p>\n<ul style=\"text-align: justify;\">\n<li>le nom de domaine de votre fournisseur d\u2019acc\u00e8s \u00e0 Internet;<\/li>\n<li>votre adresse IP, num\u00e9ro unique assign\u00e9 \u00e0 votre ordinateur lorsqu\u2019il est connect\u00e9 au r\u00e9seau Internet;<\/li>\n<li>le type de navigateur (Explorer, Firefox, etc.) et de syst\u00e8me d\u2019exploitation (Windows, Mac OS, etc.) utilis\u00e9s;<\/li>\n<li>la date et l\u2019heure de la visite;<\/li>\n<li>les pages que vous consultez;<\/li>\n<li>l\u2019adresse du site r\u00e9f\u00e9rent, si vous acc\u00e9dez \u00e0 notre site \u00e0 partir d\u2019un autre site.<\/li>\n<\/ul>\n<p style=\"text-align: justify;\">Ces informations sont conserv\u00e9es et exploit\u00e9es par le Centre de services scolaire de Charlevoix \u00e0 des fins techniques et statistiques. Elles servent \u00e0 comptabiliser le nombre de visites, les pages les plus fr\u00e9quent\u00e9es, la technologie utilis\u00e9e par les visiteurs, les sites r\u00e9f\u00e9rents et le pays d\u2019origine des visiteurs.<\/p>\n<p style=\"text-align: justify;\"><strong>Renseignements transmis par courriel ou par formulaire<\/strong><\/p>\n<p style=\"text-align: justify;\">Nous nous engageons \u00e0 assurer la protection des renseignements confidentiels que vous nous confiez. Si vous communiquez volontairement des renseignements personnels ou confidentiels, par courriel ou par formulaire, nous n\u2019utilisons que l\u2019information requise pour permettre \u00e0 notre personnel de r\u00e9pondre \u00e0 votre message ou de donner suite \u00e0 votre demande. La correspondance \u00e9lectronique est trait\u00e9e avec les m\u00eames mesures de confidentialit\u00e9 que les autres documents \u00e9crits.<\/p>\n<p style=\"text-align: justify;\"><strong>Liens vers d\u2019autres sites<\/strong><\/p>\n<p style=\"text-align: justify;\">Notre site propose des hyperliens vers d\u2019autres sites. Les renseignements \u00e9chang\u00e9s sur ces sites ne sont pas assujettis \u00e0 la pr\u00e9sente politique de confidentialit\u00e9, mais \u00e0 celle du site externe, s\u2019il en existe une.<\/p>\n<p style=\"text-align: justify;\"><strong>Pour plus d\u2019informations \u00e0 propos de cette politique<\/strong><\/p>\n<p style=\"text-align: justify;\">Si vous avez des questions concernant cette politique, nous vous invitons \u00e0 communiquer avec nous en utilisant l\u2019un ou l\u2019autre des modes de communication pr\u00e9sent\u00e9s dans la section \u00ab\u00a0Nous joindre\u00a0\u00bb.<\/p>\n<p style=\"text-align: justify;\"><strong>Responsable de l\u2019acc\u00e8s aux documents ou de la protection des renseignements personnels<\/strong><\/p>\n<p style=\"text-align: justify;\">La personne responsable de l\u2019application de la\u00a0<a href=\"http:\/\/www.legisquebec.gouv.qc.ca\/fr\/ShowDoc\/cs\/A-2.1\"><strong>Loi sur l\u2019acc\u00e8s aux documents des organismes publics et sur la protection des renseignements personnels<\/strong><\/a>\u00a0est \u00e9galement charg\u00e9e de veiller au respect de la pr\u00e9sente politique. Pour formuler des commentaires ou une plainte, vous pouvez communiquer avec :<\/p>\n<p style=\"text-align: justify;\">Mich\u00e8le Moreau<br \/>\nSecr\u00e9taire g\u00e9n\u00e9rale et responsable des communications par int\u00e9rim<br \/>\n100, rue Laure-Gaudreault<br \/>\nLa Malbaie (Qu\u00e9bec)<br \/>\nG5A 0A8<br \/>\nT\u00e9l\u00e9phone : 418 665-3765 poste 3006<br \/>\n<a href=\"mailto:michele.moreau@cscharlevoix.qc.ca\">michele.moreau@cscharlevoix.qc.ca<\/a><\/p>\n<p>[\/vc_column_text][\/vc_column][\/vc_row]<\/p>\n<\/div>","protected":false},"excerpt":{"rendered":"<p>[vc_row][vc_column][vc_column_text] Nous vous invitons \u00e0 prendre connaissance de notre politique de confidentialit\u00e9 pour conna\u00eetre les r\u00e8gles que nous appliquons en mati\u00e8re de protection des renseignements personnels. Utilisation des fichiers t\u00e9moins (\u00ab cookies \u00bb) Le pr\u00e9sent site ne place aucun fichier t\u00e9moin (\u00ab cookie \u00bb) permanent dans les disques durs des &hellip; <\/p>\n","protected":false},"author":1,"featured_media":0,"parent":0,"menu_order":0,"comment_status":"closed","ping_status":"closed","template":"","meta":{"footnotes":""},"categories":[],"tags":[],"class_list":["post-3","page","type-page","status-publish","hentry","wp-image-borders"],"yoast_head":"<!-- This site is optimized with the Yoast SEO plugin v27.4 - https:\/\/yoast.com\/product\/yoast-seo-wordpress\/ -->\n<title>Politique de confidentialit\u00e9 - Centre de services scolaire de Charlevoix (CSSDC) - \u00c9cole primaire des Eaux-Vives<\/title>\n<meta name=\"robots\" content=\"index, follow, max-snippet:-1, max-image-preview:large, max-video-preview:-1\" \/>\n<link rel=\"canonical\" href=\"https:\/\/www.cscharlevoix.qc.ca\/felix-antoine-savard\/politique-de-confidentialite\/\" \/>\n<meta property=\"og:locale\" content=\"fr_FR\" \/>\n<meta property=\"og:type\" content=\"article\" \/>\n<meta property=\"og:title\" content=\"Politique de confidentialit\u00e9 - Centre de services scolaire de Charlevoix (CSSDC) - \u00c9cole primaire des Eaux-Vives\" \/>\n<meta property=\"og:description\" content=\"[vc_row][vc_column][vc_column_text] Nous vous invitons \u00e0 prendre connaissance de notre politique de confidentialit\u00e9 pour conna\u00eetre les r\u00e8gles que nous appliquons en mati\u00e8re de protection des renseignements personnels. Utilisation des fichiers t\u00e9moins (\u00ab cookies \u00bb) Le pr\u00e9sent site ne place aucun fichier t\u00e9moin (\u00ab cookie \u00bb) permanent dans les disques durs des &hellip;\" \/>\n<meta property=\"og:url\" content=\"https:\/\/www.cscharlevoix.qc.ca\/felix-antoine-savard\/politique-de-confidentialite\/\" \/>\n<meta property=\"og:site_name\" content=\"Centre de services scolaire de Charlevoix (CSSDC) - \u00c9cole primaire des Eaux-Vives\" \/>\n<meta property=\"article:publisher\" content=\"https:\/\/facebook.com\/csscharlevoix\/\" \/>\n<meta property=\"article:modified_time\" content=\"2024-05-08T15:25:19+00:00\" \/>\n<meta name=\"twitter:card\" content=\"summary_large_image\" \/>\n<meta name=\"twitter:site\" content=\"@csscharlevoix\" \/>\n<meta name=\"twitter:label1\" content=\"Dur\u00e9e de lecture estim\u00e9e\" \/>\n\t<meta name=\"twitter:data1\" content=\"3 minutes\" \/>\n<script type=\"application\/ld+json\" class=\"yoast-schema-graph\">{\"@context\":\"https:\\\/\\\/schema.org\",\"@graph\":[{\"@type\":\"WebPage\",\"@id\":\"https:\\\/\\\/www.cscharlevoix.qc.ca\\\/felix-antoine-savard\\\/politique-de-confidentialite\\\/\",\"url\":\"https:\\\/\\\/www.cscharlevoix.qc.ca\\\/felix-antoine-savard\\\/politique-de-confidentialite\\\/\",\"name\":\"Politique de confidentialit\u00e9 - Centre de services scolaire de Charlevoix (CSSDC) - \u00c9cole primaire des Eaux-Vives\",\"isPartOf\":{\"@id\":\"https:\\\/\\\/www.cscharlevoix.qc.ca\\\/felix-antoine-savard\\\/#website\"},\"datePublished\":\"2021-05-19T19:28:40+00:00\",\"dateModified\":\"2024-05-08T15:25:19+00:00\",\"breadcrumb\":{\"@id\":\"https:\\\/\\\/www.cscharlevoix.qc.ca\\\/felix-antoine-savard\\\/politique-de-confidentialite\\\/#breadcrumb\"},\"inLanguage\":\"fr-FR\",\"potentialAction\":[{\"@type\":\"ReadAction\",\"target\":[\"https:\\\/\\\/www.cscharlevoix.qc.ca\\\/felix-antoine-savard\\\/politique-de-confidentialite\\\/\"]}]},{\"@type\":\"BreadcrumbList\",\"@id\":\"https:\\\/\\\/www.cscharlevoix.qc.ca\\\/felix-antoine-savard\\\/politique-de-confidentialite\\\/#breadcrumb\",\"itemListElement\":[{\"@type\":\"ListItem\",\"position\":1,\"name\":\"Accueil\",\"item\":\"https:\\\/\\\/www.cscharlevoix.qc.ca\\\/felix-antoine-savard\\\/\"},{\"@type\":\"ListItem\",\"position\":2,\"name\":\"Politique de confidentialit\u00e9\"}]},{\"@type\":\"WebSite\",\"@id\":\"https:\\\/\\\/www.cscharlevoix.qc.ca\\\/felix-antoine-savard\\\/#website\",\"url\":\"https:\\\/\\\/www.cscharlevoix.qc.ca\\\/felix-antoine-savard\\\/\",\"name\":\"Centre de services scolaire de Charlevoix (CSSDC) - \u00c9cole primaire des Eaux-Vives\",\"description\":\"Desservant le territoire de Charlevoix, le Centre de services scolaire de Charlevoix (CSSDC) compte 14 \u00e9coles primaires, 3 \u00e9coles secondaires et un Centre d\u2019\u00e9ducation des adultes et de formation professionnelle. Chaque ann\u00e9e, ses quelque 630 employ\u00e9s \u0153uvrent \u00e0 instruire, socialiser et qualifier plus de 3500 personnes. Celles-ci \u00e9tudient dans des environnements inclusifs favorisant l\u2019autonomie en apprentissage, la r\u00e9ussite scolaire, le d\u00e9veloppement du plein potentiel de chacun et l\u2019acquisition des comp\u00e9tences n\u00e9cessaires au XXIe si\u00e8cle.\",\"publisher\":{\"@id\":\"https:\\\/\\\/www.cscharlevoix.qc.ca\\\/felix-antoine-savard\\\/#organization\"},\"potentialAction\":[{\"@type\":\"SearchAction\",\"target\":{\"@type\":\"EntryPoint\",\"urlTemplate\":\"https:\\\/\\\/www.cscharlevoix.qc.ca\\\/felix-antoine-savard\\\/?s={search_term_string}\"},\"query-input\":{\"@type\":\"PropertyValueSpecification\",\"valueRequired\":true,\"valueName\":\"search_term_string\"}}],\"inLanguage\":\"fr-FR\"},{\"@type\":\"Organization\",\"@id\":\"https:\\\/\\\/www.cscharlevoix.qc.ca\\\/felix-antoine-savard\\\/#organization\",\"name\":\"Centre de services scolaire de Charlevoix\",\"url\":\"https:\\\/\\\/www.cscharlevoix.qc.ca\\\/felix-antoine-savard\\\/\",\"logo\":{\"@type\":\"ImageObject\",\"inLanguage\":\"fr-FR\",\"@id\":\"https:\\\/\\\/www.cscharlevoix.qc.ca\\\/felix-antoine-savard\\\/#\\\/schema\\\/logo\\\/image\\\/\",\"url\":\"https:\\\/\\\/www.cscharlevoix.qc.ca\\\/felix-antoine-savard\\\/wp-content\\\/uploads\\\/2021\\\/05\\\/CSSCharlevoix.png\",\"contentUrl\":\"https:\\\/\\\/www.cscharlevoix.qc.ca\\\/felix-antoine-savard\\\/wp-content\\\/uploads\\\/2021\\\/05\\\/CSSCharlevoix.png\",\"width\":300,\"height\":129,\"caption\":\"Centre de services scolaire de Charlevoix\"},\"image\":{\"@id\":\"https:\\\/\\\/www.cscharlevoix.qc.ca\\\/felix-antoine-savard\\\/#\\\/schema\\\/logo\\\/image\\\/\"},\"sameAs\":[\"https:\\\/\\\/facebook.com\\\/csscharlevoix\\\/\",\"https:\\\/\\\/x.com\\\/csscharlevoix\"]}]}<\/script>\n<!-- \/ Yoast SEO plugin. -->","yoast_head_json":{"title":"Politique de confidentialit\u00e9 - Centre de services scolaire de Charlevoix (CSSDC) - \u00c9cole primaire des Eaux-Vives","robots":{"index":"index","follow":"follow","max-snippet":"max-snippet:-1","max-image-preview":"max-image-preview:large","max-video-preview":"max-video-preview:-1"},"canonical":"https:\/\/www.cscharlevoix.qc.ca\/felix-antoine-savard\/politique-de-confidentialite\/","og_locale":"fr_FR","og_type":"article","og_title":"Politique de confidentialit\u00e9 - Centre de services scolaire de Charlevoix (CSSDC) - \u00c9cole primaire des Eaux-Vives","og_description":"[vc_row][vc_column][vc_column_text] Nous vous invitons \u00e0 prendre connaissance de notre politique de confidentialit\u00e9 pour conna\u00eetre les r\u00e8gles que nous appliquons en mati\u00e8re de protection des renseignements personnels. Utilisation des fichiers t\u00e9moins (\u00ab cookies \u00bb) Le pr\u00e9sent site ne place aucun fichier t\u00e9moin (\u00ab cookie \u00bb) permanent dans les disques durs des &hellip;","og_url":"https:\/\/www.cscharlevoix.qc.ca\/felix-antoine-savard\/politique-de-confidentialite\/","og_site_name":"Centre de services scolaire de Charlevoix (CSSDC) - \u00c9cole primaire des Eaux-Vives","article_publisher":"https:\/\/facebook.com\/csscharlevoix\/","article_modified_time":"2024-05-08T15:25:19+00:00","twitter_card":"summary_large_image","twitter_site":"@csscharlevoix","twitter_misc":{"Dur\u00e9e de lecture estim\u00e9e":"3 minutes"},"schema":{"@context":"https:\/\/schema.org","@graph":[{"@type":"WebPage","@id":"https:\/\/www.cscharlevoix.qc.ca\/felix-antoine-savard\/politique-de-confidentialite\/","url":"https:\/\/www.cscharlevoix.qc.ca\/felix-antoine-savard\/politique-de-confidentialite\/","name":"Politique de confidentialit\u00e9 - Centre de services scolaire de Charlevoix (CSSDC) - \u00c9cole primaire des Eaux-Vives","isPartOf":{"@id":"https:\/\/www.cscharlevoix.qc.ca\/felix-antoine-savard\/#website"},"datePublished":"2021-05-19T19:28:40+00:00","dateModified":"2024-05-08T15:25:19+00:00","breadcrumb":{"@id":"https:\/\/www.cscharlevoix.qc.ca\/felix-antoine-savard\/politique-de-confidentialite\/#breadcrumb"},"inLanguage":"fr-FR","potentialAction":[{"@type":"ReadAction","target":["https:\/\/www.cscharlevoix.qc.ca\/felix-antoine-savard\/politique-de-confidentialite\/"]}]},{"@type":"BreadcrumbList","@id":"https:\/\/www.cscharlevoix.qc.ca\/felix-antoine-savard\/politique-de-confidentialite\/#breadcrumb","itemListElement":[{"@type":"ListItem","position":1,"name":"Accueil","item":"https:\/\/www.cscharlevoix.qc.ca\/felix-antoine-savard\/"},{"@type":"ListItem","position":2,"name":"Politique de confidentialit\u00e9"}]},{"@type":"WebSite","@id":"https:\/\/www.cscharlevoix.qc.ca\/felix-antoine-savard\/#website","url":"https:\/\/www.cscharlevoix.qc.ca\/felix-antoine-savard\/","name":"Centre de services scolaire de Charlevoix (CSSDC) - \u00c9cole primaire des Eaux-Vives","description":"Desservant le territoire de Charlevoix, le Centre de services scolaire de Charlevoix (CSSDC) compte 14 \u00e9coles primaires, 3 \u00e9coles secondaires et un Centre d\u2019\u00e9ducation des adultes et de formation professionnelle. Chaque ann\u00e9e, ses quelque 630 employ\u00e9s \u0153uvrent \u00e0 instruire, socialiser et qualifier plus de 3500 personnes. Celles-ci \u00e9tudient dans des environnements inclusifs favorisant l\u2019autonomie en apprentissage, la r\u00e9ussite scolaire, le d\u00e9veloppement du plein potentiel de chacun et l\u2019acquisition des comp\u00e9tences n\u00e9cessaires au XXIe si\u00e8cle.","publisher":{"@id":"https:\/\/www.cscharlevoix.qc.ca\/felix-antoine-savard\/#organization"},"potentialAction":[{"@type":"SearchAction","target":{"@type":"EntryPoint","urlTemplate":"https:\/\/www.cscharlevoix.qc.ca\/felix-antoine-savard\/?s={search_term_string}"},"query-input":{"@type":"PropertyValueSpecification","valueRequired":true,"valueName":"search_term_string"}}],"inLanguage":"fr-FR"},{"@type":"Organization","@id":"https:\/\/www.cscharlevoix.qc.ca\/felix-antoine-savard\/#organization","name":"Centre de services scolaire de Charlevoix","url":"https:\/\/www.cscharlevoix.qc.ca\/felix-antoine-savard\/","logo":{"@type":"ImageObject","inLanguage":"fr-FR","@id":"https:\/\/www.cscharlevoix.qc.ca\/felix-antoine-savard\/#\/schema\/logo\/image\/","url":"https:\/\/www.cscharlevoix.qc.ca\/felix-antoine-savard\/wp-content\/uploads\/2021\/05\/CSSCharlevoix.png","contentUrl":"https:\/\/www.cscharlevoix.qc.ca\/felix-antoine-savard\/wp-content\/uploads\/2021\/05\/CSSCharlevoix.png","width":300,"height":129,"caption":"Centre de services scolaire de Charlevoix"},"image":{"@id":"https:\/\/www.cscharlevoix.qc.ca\/felix-antoine-savard\/#\/schema\/logo\/image\/"},"sameAs":["https:\/\/facebook.com\/csscharlevoix\/","https:\/\/x.com\/csscharlevoix"]}]}},"_links":{"self":[{"href":"https:\/\/www.cscharlevoix.qc.ca\/felix-antoine-savard\/wp-json\/wp\/v2\/pages\/3","targetHints":{"allow":["GET"]}}],"collection":[{"href":"https:\/\/www.cscharlevoix.qc.ca\/felix-antoine-savard\/wp-json\/wp\/v2\/pages"}],"about":[{"href":"https:\/\/www.cscharlevoix.qc.ca\/felix-antoine-savard\/wp-json\/wp\/v2\/types\/page"}],"author":[{"embeddable":true,"href":"https:\/\/www.cscharlevoix.qc.ca\/felix-antoine-savard\/wp-json\/wp\/v2\/users\/1"}],"replies":[{"embeddable":true,"href":"https:\/\/www.cscharlevoix.qc.ca\/felix-antoine-savard\/wp-json\/wp\/v2\/comments?post=3"}],"version-history":[{"count":5,"href":"https:\/\/www.cscharlevoix.qc.ca\/felix-antoine-savard\/wp-json\/wp\/v2\/pages\/3\/revisions"}],"predecessor-version":[{"id":7109,"href":"https:\/\/www.cscharlevoix.qc.ca\/felix-antoine-savard\/wp-json\/wp\/v2\/pages\/3\/revisions\/7109"}],"wp:attachment":[{"href":"https:\/\/www.cscharlevoix.qc.ca\/felix-antoine-savard\/wp-json\/wp\/v2\/media?parent=3"}],"wp:term":[{"taxonomy":"category","embeddable":true,"href":"https:\/\/www.cscharlevoix.qc.ca\/felix-antoine-savard\/wp-json\/wp\/v2\/categories?post=3"},{"taxonomy":"post_tag","embeddable":true,"href":"https:\/\/www.cscharlevoix.qc.ca\/felix-antoine-savard\/wp-json\/wp\/v2\/tags?post=3"}],"curies":[{"name":"wp","href":"https:\/\/api.w.org\/{rel}","templated":true}]}}